{"id":968,"date":"2022-07-15T11:12:52","date_gmt":"2022-07-15T11:12:52","guid":{"rendered":"https:\/\/pinehaus.pl\/wissen\/"},"modified":"2023-01-04T19:48:21","modified_gmt":"2023-01-04T19:48:21","slug":"wissen","status":"publish","type":"page","link":"https:\/\/pinehaus.pl\/de\/wissen","title":{"rendered":"Wissen"},"content":{"rendered":"\t\t<div data-elementor-type=\"wp-page\" data-elementor-id=\"968\" class=\"elementor elementor-968 elementor-198\">\n\t\t\t\t\t\t\t\t\t<section class=\"elementor-section elementor-top-section elementor-element elementor-element-32e5da6 elementor-section-boxed elementor-section-height-default elementor-section-height-default\" data-id=\"32e5da6\" data-element_type=\"section\">\n\t\t\t\t\t\t<div class=\"elementor-container elementor-column-gap-default\">\n\t\t\t\t\t<div class=\"elementor-column elementor-col-100 elementor-top-column elementor-element elementor-element-9ca59ab\" data-id=\"9ca59ab\" data-element_type=\"column\">\n\t\t\t<div class=\"elementor-widget-wrap elementor-element-populated\">\n\t\t\t\t\t\t\t\t<div class=\"elementor-element elementor-element-ed3c2a8 elementor-widget elementor-widget-heading\" data-id=\"ed3c2a8\" data-element_type=\"widget\" data-widget_type=\"heading.default\">\n\t\t\t\t<div class=\"elementor-widget-container\">\n\t\t\t<style>\/*! elementor - v3.9.0 - 06-12-2022 *\/\n.elementor-heading-title{padding:0;margin:0;line-height:1}.elementor-widget-heading .elementor-heading-title[class*=elementor-size-]>a{color:inherit;font-size:inherit;line-height:inherit}.elementor-widget-heading .elementor-heading-title.elementor-size-small{font-size:15px}.elementor-widget-heading .elementor-heading-title.elementor-size-medium{font-size:19px}.elementor-widget-heading .elementor-heading-title.elementor-size-large{font-size:29px}.elementor-widget-heading .elementor-heading-title.elementor-size-xl{font-size:39px}.elementor-widget-heading .elementor-heading-title.elementor-size-xxl{font-size:59px}<\/style><h2 class=\"elementor-heading-title elementor-size-default\">Was sollte man \u00fcber Mobilh\u00e4user wissen?<\/h2>\t\t<\/div>\n\t\t\t\t<\/div>\n\t\t\t\t\t<\/div>\n\t\t<\/div>\n\t\t\t\t\t\t\t<\/div>\n\t\t<\/section>\n\t\t\t\t<section class=\"elementor-section elementor-top-section elementor-element elementor-element-143aa14 elementor-section-boxed elementor-section-height-default elementor-section-height-default\" data-id=\"143aa14\" data-element_type=\"section\">\n\t\t\t\t\t\t<div class=\"elementor-container elementor-column-gap-default\">\n\t\t\t\t\t<div class=\"elementor-column elementor-col-100 elementor-top-column elementor-element elementor-element-2488572\" data-id=\"2488572\" data-element_type=\"column\">\n\t\t\t<div class=\"elementor-widget-wrap elementor-element-populated\">\n\t\t\t\t\t\t\t\t<div class=\"elementor-element elementor-element-40f49ce elementor-grid-1 elementor-grid-tablet-1 elementor-grid-mobile-1 elementor-posts--thumbnail-top elementor-widget elementor-widget-posts\" data-id=\"40f49ce\" data-element_type=\"widget\" data-settings=\"{&quot;classic_columns&quot;:&quot;1&quot;,&quot;classic_row_gap&quot;:{&quot;unit&quot;:&quot;px&quot;,&quot;size&quot;:64,&quot;sizes&quot;:[]},&quot;classic_columns_tablet&quot;:&quot;1&quot;,&quot;classic_columns_mobile&quot;:&quot;1&quot;,&quot;classic_row_gap_tablet&quot;:{&quot;unit&quot;:&quot;px&quot;,&quot;size&quot;:&quot;&quot;,&quot;sizes&quot;:[]},&quot;classic_row_gap_mobile&quot;:{&quot;unit&quot;:&quot;px&quot;,&quot;size&quot;:&quot;&quot;,&quot;sizes&quot;:[]}}\" data-widget_type=\"posts.classic\">\n\t\t\t\t<div class=\"elementor-widget-container\">\n\t\t\t<link rel=\"stylesheet\" href=\"https:\/\/pinehaus.pl\/wp-content\/plugins\/elementor-pro\/assets\/css\/widget-posts.min.css\">\t\t<div class=\"elementor-posts-container elementor-posts elementor-posts--skin-classic elementor-grid\">\n\t\t\t\t<article class=\"elementor-post elementor-grid-item post-1266 post type-post status-publish format-standard has-post-thumbnail hentry category-unkategorisiert entry has-media\">\n\t\t\t\t<a class=\"elementor-post__thumbnail__link\" href=\"https:\/\/pinehaus.pl\/de\/wiedza\/vermietung-von-mobilhaeusern-als-geschaeftsidee\" >\n\t\t\t<div class=\"elementor-post__thumbnail\"><img decoding=\"async\" width=\"2560\" height=\"1709\" src=\"https:\/\/pinehaus.pl\/wp-content\/uploads\/2022\/07\/pinehaus_tiny_house_10-scaled.webp\" class=\"attachment-full size-full wp-image-902\" alt=\"\" loading=\"lazy\" srcset=\"https:\/\/pinehaus.pl\/wp-content\/uploads\/2022\/07\/pinehaus_tiny_house_10-scaled.webp 2560w, https:\/\/pinehaus.pl\/wp-content\/uploads\/2022\/07\/pinehaus_tiny_house_10-300x200.webp 300w, https:\/\/pinehaus.pl\/wp-content\/uploads\/2022\/07\/pinehaus_tiny_house_10-1024x684.webp 1024w, https:\/\/pinehaus.pl\/wp-content\/uploads\/2022\/07\/pinehaus_tiny_house_10-768x513.webp 768w, https:\/\/pinehaus.pl\/wp-content\/uploads\/2022\/07\/pinehaus_tiny_house_10-1536x1025.webp 1536w, https:\/\/pinehaus.pl\/wp-content\/uploads\/2022\/07\/pinehaus_tiny_house_10-2048x1367.webp 2048w\" sizes=\"(max-width: 2560px) 100vw, 2560px\" \/><\/div>\n\t\t<\/a>\n\t\t\t\t<div class=\"elementor-post__text\">\n\t\t\t\t<h3 class=\"elementor-post__title\">\n\t\t\t<a href=\"https:\/\/pinehaus.pl\/de\/wiedza\/vermietung-von-mobilhaeusern-als-geschaeftsidee\" >\n\t\t\t\tVermietung von Mobilh\u00e4usern als Gesch\u00e4ftsidee\t\t\t<\/a>\n\t\t<\/h3>\n\t\t\t\t<div class=\"elementor-post__excerpt\">\n\t\t\t<p>Mobilh\u00e4user entstanden aus der Idee heraus, einen kleinen Raum zu schaffen, der komfortable Erholung in nat\u00fcrlicher Umgebung erm\u00f6glicht. Warum also nicht damit Geld verdienen, indem man sie an Menschen vermietet, die sich nach einer solchen Erholung sehnen? Dies ist eine gro\u00dfartige Idee f\u00fcr ein profitables Gesch\u00e4ft. Finden Sie heraus warum.<\/p>\n\t\t<\/div>\n\t\t\n\t\t<a class=\"elementor-post__read-more\" href=\"https:\/\/pinehaus.pl\/de\/wiedza\/vermietung-von-mobilhaeusern-als-geschaeftsidee\" >\n\t\t\tMEHR LESEN \u00bb\t\t<\/a>\n\n\t\t\t\t<\/div>\n\t\t\t\t<\/article>\n\t\t\t\t<article class=\"elementor-post elementor-grid-item post-1264 post type-post status-publish format-standard has-post-thumbnail hentry category-unkategorisiert entry has-media\">\n\t\t\t\t<a class=\"elementor-post__thumbnail__link\" href=\"https:\/\/pinehaus.pl\/de\/wiedza\/vor-und-nachteile-eines-mobilhauses-worauf-sollte-man-achten\" >\n\t\t\t<div class=\"elementor-post__thumbnail\"><img decoding=\"async\" width=\"2560\" height=\"1709\" src=\"https:\/\/pinehaus.pl\/wp-content\/uploads\/2022\/09\/pinehaus_tiny_house_14-scaled.webp\" class=\"attachment-full size-full wp-image-1054\" alt=\"\" loading=\"lazy\" srcset=\"https:\/\/pinehaus.pl\/wp-content\/uploads\/2022\/09\/pinehaus_tiny_house_14-scaled.webp 2560w, https:\/\/pinehaus.pl\/wp-content\/uploads\/2022\/09\/pinehaus_tiny_house_14-300x200.webp 300w, https:\/\/pinehaus.pl\/wp-content\/uploads\/2022\/09\/pinehaus_tiny_house_14-1024x683.webp 1024w, https:\/\/pinehaus.pl\/wp-content\/uploads\/2022\/09\/pinehaus_tiny_house_14-768x513.webp 768w, https:\/\/pinehaus.pl\/wp-content\/uploads\/2022\/09\/pinehaus_tiny_house_14-1536x1025.webp 1536w, https:\/\/pinehaus.pl\/wp-content\/uploads\/2022\/09\/pinehaus_tiny_house_14-2048x1367.webp 2048w\" sizes=\"(max-width: 2560px) 100vw, 2560px\" \/><\/div>\n\t\t<\/a>\n\t\t\t\t<div class=\"elementor-post__text\">\n\t\t\t\t<h3 class=\"elementor-post__title\">\n\t\t\t<a href=\"https:\/\/pinehaus.pl\/de\/wiedza\/vor-und-nachteile-eines-mobilhauses-worauf-sollte-man-achten\" >\n\t\t\t\tVor- und Nachteile eines Mobilhauses \u2013 worauf sollte man achten?\t\t\t<\/a>\n\t\t<\/h3>\n\t\t\t\t<div class=\"elementor-post__excerpt\">\n\t\t\t<p>Sie ben\u00f6tigen keine Baugenehmigung, um ein Mobilhaus zu bauen. Eine solche Konstruktion ist nicht dauerhaft mit dem Boden verbunden und erfordert keine Einreichung beim Bauprojektb\u00fcro oder Einbeziehung von Ingenieuren. Es gen\u00fcgt, die Absicht im Bezirksamt zu melden.<\/p>\n\t\t<\/div>\n\t\t\n\t\t<a class=\"elementor-post__read-more\" href=\"https:\/\/pinehaus.pl\/de\/wiedza\/vor-und-nachteile-eines-mobilhauses-worauf-sollte-man-achten\" >\n\t\t\tMEHR LESEN \u00bb\t\t<\/a>\n\n\t\t\t\t<\/div>\n\t\t\t\t<\/article>\n\t\t\t\t<article class=\"elementor-post elementor-grid-item post-1262 post type-post status-publish format-standard has-post-thumbnail hentry category-unkategorisiert entry has-media\">\n\t\t\t\t<a class=\"elementor-post__thumbnail__link\" href=\"https:\/\/pinehaus.pl\/de\/wiedza\/wie-kann-die-ausstattung-eines-wohnmobils-aussehen\" >\n\t\t\t<div class=\"elementor-post__thumbnail\"><img decoding=\"async\" width=\"2560\" height=\"1709\" src=\"https:\/\/pinehaus.pl\/wp-content\/uploads\/2022\/07\/pinehaus_tiny_house_08-scaled.webp\" class=\"attachment-full size-full wp-image-900\" alt=\"\" loading=\"lazy\" srcset=\"https:\/\/pinehaus.pl\/wp-content\/uploads\/2022\/07\/pinehaus_tiny_house_08-scaled.webp 2560w, https:\/\/pinehaus.pl\/wp-content\/uploads\/2022\/07\/pinehaus_tiny_house_08-300x200.webp 300w, https:\/\/pinehaus.pl\/wp-content\/uploads\/2022\/07\/pinehaus_tiny_house_08-1024x684.webp 1024w, https:\/\/pinehaus.pl\/wp-content\/uploads\/2022\/07\/pinehaus_tiny_house_08-768x513.webp 768w, https:\/\/pinehaus.pl\/wp-content\/uploads\/2022\/07\/pinehaus_tiny_house_08-1536x1025.webp 1536w, https:\/\/pinehaus.pl\/wp-content\/uploads\/2022\/07\/pinehaus_tiny_house_08-2048x1367.webp 2048w\" sizes=\"(max-width: 2560px) 100vw, 2560px\" \/><\/div>\n\t\t<\/a>\n\t\t\t\t<div class=\"elementor-post__text\">\n\t\t\t\t<h3 class=\"elementor-post__title\">\n\t\t\t<a href=\"https:\/\/pinehaus.pl\/de\/wiedza\/wie-kann-die-ausstattung-eines-wohnmobils-aussehen\" >\n\t\t\t\tWie kann die Ausstattung eines Wohnmobils aussehen?\t\t\t<\/a>\n\t\t<\/h3>\n\t\t\t\t<div class=\"elementor-post__excerpt\">\n\t\t\t<p>Die Ausstattung eines Mobilheims kann eine K\u00fcchenzeile, ein Badezimmer, ein Schlafzimmer und ein Wohnzimmer umfassen. Die Gr\u00f6\u00dfe und Zahl der Zimmer h\u00e4ngen von der Fl\u00e4che ab, aber Sie k\u00f6nnen verschiedene Zonen darin anordnen, die Ihren Bed\u00fcrfnissen entsprechen und den Innenraum sehr funktional machen. Sie fragen sich, wie gro\u00df so ein Haus sein darf und wie es ausgestattet werden kann?<\/p>\n\t\t<\/div>\n\t\t\n\t\t<a class=\"elementor-post__read-more\" href=\"https:\/\/pinehaus.pl\/de\/wiedza\/wie-kann-die-ausstattung-eines-wohnmobils-aussehen\" >\n\t\t\tMEHR LESEN \u00bb\t\t<\/a>\n\n\t\t\t\t<\/div>\n\t\t\t\t<\/article>\n\t\t\t\t<article class=\"elementor-post elementor-grid-item post-1260 post type-post status-publish format-standard has-post-thumbnail hentry category-unkategorisiert entry has-media\">\n\t\t\t\t<a class=\"elementor-post__thumbnail__link\" href=\"https:\/\/pinehaus.pl\/de\/wiedza\/wo-kann-ein-mobilhaus-aufgestellt-werden\" >\n\t\t\t<div class=\"elementor-post__thumbnail\"><img decoding=\"async\" width=\"2560\" height=\"1709\" src=\"https:\/\/pinehaus.pl\/wp-content\/uploads\/2022\/07\/pinehaus_tiny_house_11-scaled.webp\" class=\"attachment-full size-full wp-image-916\" alt=\"\" loading=\"lazy\" srcset=\"https:\/\/pinehaus.pl\/wp-content\/uploads\/2022\/07\/pinehaus_tiny_house_11-scaled.webp 2560w, https:\/\/pinehaus.pl\/wp-content\/uploads\/2022\/07\/pinehaus_tiny_house_11-300x200.webp 300w, https:\/\/pinehaus.pl\/wp-content\/uploads\/2022\/07\/pinehaus_tiny_house_11-1024x684.webp 1024w, https:\/\/pinehaus.pl\/wp-content\/uploads\/2022\/07\/pinehaus_tiny_house_11-768x513.webp 768w, https:\/\/pinehaus.pl\/wp-content\/uploads\/2022\/07\/pinehaus_tiny_house_11-1536x1026.webp 1536w, https:\/\/pinehaus.pl\/wp-content\/uploads\/2022\/07\/pinehaus_tiny_house_11-2048x1367.webp 2048w\" sizes=\"(max-width: 2560px) 100vw, 2560px\" \/><\/div>\n\t\t<\/a>\n\t\t\t\t<div class=\"elementor-post__text\">\n\t\t\t\t<h3 class=\"elementor-post__title\">\n\t\t\t<a href=\"https:\/\/pinehaus.pl\/de\/wiedza\/wo-kann-ein-mobilhaus-aufgestellt-werden\" >\n\t\t\t\tWo kann ein Mobilhaus aufgestellt werden?\t\t\t<\/a>\n\t\t<\/h3>\n\t\t\t\t<div class=\"elementor-post__excerpt\">\n\t\t\t<p>Wo kann ein Mobilhaus aufgestellt werden? Was ist mit der Baugenehmigung? Wie sollte das Grundst\u00fcck vorbereitet werden? Wie kann man ein solches Haus nutzen? Was sagt das Baurecht dazu? Kann ein Haus auf R\u00e4dern das ganze Jahr \u00fcber an einem Ort stehen? Antworten auf diese und weitere Fragen finden Sie in diesem Artikel.<\/p>\n\t\t<\/div>\n\t\t\n\t\t<a class=\"elementor-post__read-more\" href=\"https:\/\/pinehaus.pl\/de\/wiedza\/wo-kann-ein-mobilhaus-aufgestellt-werden\" >\n\t\t\tMEHR LESEN \u00bb\t\t<\/a>\n\n\t\t\t\t<\/div>\n\t\t\t\t<\/article>\n\t\t\t\t<\/div>\n\t\t\n\t\t\t\t<\/div>\n\t\t\t\t<\/div>\n\t\t\t\t\t<\/div>\n\t\t<\/div>\n\t\t\t\t\t\t\t<\/div>\n\t\t<\/section>\n\t\t\t\t<section class=\"elementor-section elementor-top-section elementor-element elementor-element-0c0150e elementor-section-boxed elementor-section-height-default elementor-section-height-default\" data-id=\"0c0150e\" data-element_type=\"section\">\n\t\t\t\t\t\t<div class=\"elementor-container elementor-column-gap-default\">\n\t\t\t\t\t<div class=\"elementor-column elementor-col-100 elementor-top-column elementor-element elementor-element-cdc18d2\" data-id=\"cdc18d2\" data-element_type=\"column\">\n\t\t\t<div class=\"elementor-widget-wrap elementor-element-populated\">\n\t\t\t\t\t\t\t\t<div class=\"elementor-element elementor-element-24aed3c elementor-widget elementor-widget-image\" data-id=\"24aed3c\" data-element_type=\"widget\" data-widget_type=\"image.default\">\n\t\t\t\t<div class=\"elementor-widget-container\">\n\t\t\t<style>\/*! elementor - v3.9.0 - 06-12-2022 *\/\n.elementor-widget-image{text-align:center}.elementor-widget-image a{display:inline-block}.elementor-widget-image a img[src$=\".svg\"]{width:48px}.elementor-widget-image img{vertical-align:middle;display:inline-block}<\/style>\t\t\t\t\t\t\t\t\t\t\t\t<img decoding=\"async\" width=\"1024\" height=\"512\" src=\"https:\/\/pinehaus.pl\/wp-content\/uploads\/2022\/09\/Domek-mobilny-nad-jeziorem-1024x512.webp\" class=\"attachment-large size-large wp-image-925\" alt=\"\" loading=\"lazy\" srcset=\"https:\/\/pinehaus.pl\/wp-content\/uploads\/2022\/09\/Domek-mobilny-nad-jeziorem-1024x512.webp 1024w, https:\/\/pinehaus.pl\/wp-content\/uploads\/2022\/09\/Domek-mobilny-nad-jeziorem-300x150.webp 300w, https:\/\/pinehaus.pl\/wp-content\/uploads\/2022\/09\/Domek-mobilny-nad-jeziorem-768x384.webp 768w, https:\/\/pinehaus.pl\/wp-content\/uploads\/2022\/09\/Domek-mobilny-nad-jeziorem-1536x768.webp 1536w, https:\/\/pinehaus.pl\/wp-content\/uploads\/2022\/09\/Domek-mobilny-nad-jeziorem.webp 1575w\" sizes=\"(max-width: 1024px) 100vw, 1024px\" \/>\t\t\t\t\t\t\t\t\t\t\t\t\t\t\t<\/div>\n\t\t\t\t<\/div>\n\t\t\t\t\t<\/div>\n\t\t<\/div>\n\t\t\t\t\t\t\t<\/div>\n\t\t<\/section>\n\t\t\t\t\t\t\t<\/div>\n\t\t","protected":false},"excerpt":{"rendered":"<p>Was sollte man \u00fcber Mobilh\u00e4user wissen?<\/p>\n","protected":false},"author":1,"featured_media":0,"parent":0,"menu_order":0,"comment_status":"closed","ping_status":"closed","template":"","meta":{"content-type":""},"yoast_head":"<!-- This site is optimized with the Yoast SEO plugin v19.11 - https:\/\/yoast.com\/wordpress\/plugins\/seo\/ -->\n<title>Wissen - Pinehaus - tiny house, kleine, luxuri\u00f6se Mobilheime aus Holz<\/title>\n<meta name=\"robots\" content=\"index, follow, max-snippet:-1, max-image-preview:large, max-video-preview:-1\" \/>\n<link rel=\"canonical\" href=\"https:\/\/pinehaus.pl\/de\/wissen\" \/>\n<meta property=\"og:locale\" content=\"de_DE\" \/>\n<meta property=\"og:type\" content=\"article\" \/>\n<meta property=\"og:title\" content=\"Wissen - Pinehaus - tiny house, kleine, luxuri\u00f6se Mobilheime aus Holz\" \/>\n<meta property=\"og:description\" content=\"Was sollte man \u00fcber Mobilh\u00e4user wissen?\" \/>\n<meta property=\"og:url\" content=\"https:\/\/pinehaus.pl\/de\/wissen\" \/>\n<meta property=\"og:site_name\" content=\"Pinehaus - tiny house, kleine, luxuri\u00f6se Mobilheime aus Holz\" \/>\n<meta property=\"article:modified_time\" content=\"2023-01-04T19:48:21+00:00\" \/>\n<meta property=\"og:image\" content=\"https:\/\/pinehaus.pl\/wp-content\/uploads\/2022\/09\/Domek-mobilny-nad-jeziorem-1024x512.webp\" \/>\n<meta name=\"twitter:card\" content=\"summary_large_image\" \/>\n<script type=\"application\/ld+json\" class=\"yoast-schema-graph\">{\"@context\":\"https:\/\/schema.org\",\"@graph\":[{\"@type\":\"WebPage\",\"@id\":\"https:\/\/pinehaus.pl\/de\/wissen\",\"url\":\"https:\/\/pinehaus.pl\/de\/wissen\",\"name\":\"Wissen - Pinehaus - tiny house, kleine, luxuri\u00f6se Mobilheime aus Holz\",\"isPartOf\":{\"@id\":\"https:\/\/pinehaus.pl\/de#website\"},\"datePublished\":\"2022-07-15T11:12:52+00:00\",\"dateModified\":\"2023-01-04T19:48:21+00:00\",\"breadcrumb\":{\"@id\":\"https:\/\/pinehaus.pl\/de\/wissen#breadcrumb\"},\"inLanguage\":\"de-DE\",\"potentialAction\":[{\"@type\":\"ReadAction\",\"target\":[\"https:\/\/pinehaus.pl\/de\/wissen\"]}]},{\"@type\":\"BreadcrumbList\",\"@id\":\"https:\/\/pinehaus.pl\/de\/wissen#breadcrumb\",\"itemListElement\":[{\"@type\":\"ListItem\",\"position\":1,\"name\":\"Home\",\"item\":\"https:\/\/pinehaus.pl\/de\"},{\"@type\":\"ListItem\",\"position\":2,\"name\":\"Wissen\"}]},{\"@type\":\"WebSite\",\"@id\":\"https:\/\/pinehaus.pl\/de#website\",\"url\":\"https:\/\/pinehaus.pl\/de\",\"name\":\"Pinehaus - tiny house, kleine, luxuri\u00f6se Mobilheime aus Holz\",\"description\":\"W Pinehaus projektujemy i budujemy mobilne domy typu tiny house i drewniane domy modu\u0142owe z najlepszych materia\u0142&oacute;w. Ma\u0142e, luksusowe domy z drewna.\",\"publisher\":{\"@id\":\"https:\/\/pinehaus.pl\/de#organization\"},\"potentialAction\":[{\"@type\":\"SearchAction\",\"target\":{\"@type\":\"EntryPoint\",\"urlTemplate\":\"https:\/\/pinehaus.pl\/de?s={search_term_string}\"},\"query-input\":\"required name=search_term_string\"}],\"inLanguage\":\"de-DE\"},{\"@type\":\"Organization\",\"@id\":\"https:\/\/pinehaus.pl\/de#organization\",\"name\":\"Pinehaus - tiny house, kleine, luxuri\u00f6se Mobilheime aus Holz\",\"url\":\"https:\/\/pinehaus.pl\/de\",\"logo\":{\"@type\":\"ImageObject\",\"inLanguage\":\"de-DE\",\"@id\":\"https:\/\/pinehaus.pl\/de#\/schema\/logo\/image\/\",\"url\":\"https:\/\/pinehaus.pl\/wp-content\/uploads\/2022\/07\/Pinehaus@2x.png\",\"contentUrl\":\"https:\/\/pinehaus.pl\/wp-content\/uploads\/2022\/07\/Pinehaus@2x.png\",\"width\":450,\"height\":242,\"caption\":\"Pinehaus - tiny house, kleine, luxuri\u00f6se Mobilheime aus Holz\"},\"image\":{\"@id\":\"https:\/\/pinehaus.pl\/de#\/schema\/logo\/image\/\"}}]}<\/script>\n<!-- \/ Yoast SEO plugin. -->","yoast_head_json":{"title":"Wissen - Pinehaus - tiny house, kleine, luxuri\u00f6se Mobilheime aus Holz","robots":{"index":"index","follow":"follow","max-snippet":"max-snippet:-1","max-image-preview":"max-image-preview:large","max-video-preview":"max-video-preview:-1"},"canonical":"https:\/\/pinehaus.pl\/de\/wissen","og_locale":"de_DE","og_type":"article","og_title":"Wissen - Pinehaus - tiny house, kleine, luxuri\u00f6se Mobilheime aus Holz","og_description":"Was sollte man \u00fcber Mobilh\u00e4user wissen?","og_url":"https:\/\/pinehaus.pl\/de\/wissen","og_site_name":"Pinehaus - tiny house, kleine, luxuri\u00f6se Mobilheime aus Holz","article_modified_time":"2023-01-04T19:48:21+00:00","og_image":[{"url":"https:\/\/pinehaus.pl\/wp-content\/uploads\/2022\/09\/Domek-mobilny-nad-jeziorem-1024x512.webp"}],"twitter_card":"summary_large_image","schema":{"@context":"https:\/\/schema.org","@graph":[{"@type":"WebPage","@id":"https:\/\/pinehaus.pl\/de\/wissen","url":"https:\/\/pinehaus.pl\/de\/wissen","name":"Wissen - Pinehaus - tiny house, kleine, luxuri\u00f6se Mobilheime aus Holz","isPartOf":{"@id":"https:\/\/pinehaus.pl\/de#website"},"datePublished":"2022-07-15T11:12:52+00:00","dateModified":"2023-01-04T19:48:21+00:00","breadcrumb":{"@id":"https:\/\/pinehaus.pl\/de\/wissen#breadcrumb"},"inLanguage":"de-DE","potentialAction":[{"@type":"ReadAction","target":["https:\/\/pinehaus.pl\/de\/wissen"]}]},{"@type":"BreadcrumbList","@id":"https:\/\/pinehaus.pl\/de\/wissen#breadcrumb","itemListElement":[{"@type":"ListItem","position":1,"name":"Home","item":"https:\/\/pinehaus.pl\/de"},{"@type":"ListItem","position":2,"name":"Wissen"}]},{"@type":"WebSite","@id":"https:\/\/pinehaus.pl\/de#website","url":"https:\/\/pinehaus.pl\/de","name":"Pinehaus - tiny house, kleine, luxuri\u00f6se Mobilheime aus Holz","description":"W Pinehaus projektujemy i budujemy mobilne domy typu tiny house i drewniane domy modu\u0142owe z najlepszych materia\u0142&oacute;w. Ma\u0142e, luksusowe domy z drewna.","publisher":{"@id":"https:\/\/pinehaus.pl\/de#organization"},"potentialAction":[{"@type":"SearchAction","target":{"@type":"EntryPoint","urlTemplate":"https:\/\/pinehaus.pl\/de?s={search_term_string}"},"query-input":"required name=search_term_string"}],"inLanguage":"de-DE"},{"@type":"Organization","@id":"https:\/\/pinehaus.pl\/de#organization","name":"Pinehaus - tiny house, kleine, luxuri\u00f6se Mobilheime aus Holz","url":"https:\/\/pinehaus.pl\/de","logo":{"@type":"ImageObject","inLanguage":"de-DE","@id":"https:\/\/pinehaus.pl\/de#\/schema\/logo\/image\/","url":"https:\/\/pinehaus.pl\/wp-content\/uploads\/2022\/07\/Pinehaus@2x.png","contentUrl":"https:\/\/pinehaus.pl\/wp-content\/uploads\/2022\/07\/Pinehaus@2x.png","width":450,"height":242,"caption":"Pinehaus - tiny house, kleine, luxuri\u00f6se Mobilheime aus Holz"},"image":{"@id":"https:\/\/pinehaus.pl\/de#\/schema\/logo\/image\/"}}]}},"_links":{"self":[{"href":"https:\/\/pinehaus.pl\/de\/wp-json\/wp\/v2\/pages\/968"}],"collection":[{"href":"https:\/\/pinehaus.pl\/de\/wp-json\/wp\/v2\/pages"}],"about":[{"href":"https:\/\/pinehaus.pl\/de\/wp-json\/wp\/v2\/types\/page"}],"author":[{"embeddable":true,"href":"https:\/\/pinehaus.pl\/de\/wp-json\/wp\/v2\/users\/1"}],"replies":[{"embeddable":true,"href":"https:\/\/pinehaus.pl\/de\/wp-json\/wp\/v2\/comments?post=968"}],"version-history":[{"count":6,"href":"https:\/\/pinehaus.pl\/de\/wp-json\/wp\/v2\/pages\/968\/revisions"}],"predecessor-version":[{"id":1320,"href":"https:\/\/pinehaus.pl\/de\/wp-json\/wp\/v2\/pages\/968\/revisions\/1320"}],"wp:attachment":[{"href":"https:\/\/pinehaus.pl\/de\/wp-json\/wp\/v2\/media?parent=968"}],"curies":[{"name":"wp","href":"https:\/\/api.w.org\/{rel}","templated":true}]}}