{"id":974,"date":"2022-08-06T08:36:56","date_gmt":"2022-08-06T08:36:56","guid":{"rendered":"https:\/\/pinehaus.pl\/haeuser\/tiny-house\/"},"modified":"2022-09-14T20:52:39","modified_gmt":"2022-09-14T20:52:39","slug":"tiny-house","status":"publish","type":"page","link":"https:\/\/pinehaus.pl\/de\/haeuser\/tiny-house","title":{"rendered":"Tiny house"},"content":{"rendered":"\t\t<div data-elementor-type=\"wp-page\" data-elementor-id=\"974\" class=\"elementor elementor-974 elementor-458\">\n\t\t\t\t\t\t\t\t\t<section class=\"elementor-section elementor-top-section elementor-element elementor-element-2aed1f9 elementor-section-boxed elementor-section-height-default elementor-section-height-default\" data-id=\"2aed1f9\" data-element_type=\"section\">\n\t\t\t\t\t\t<div class=\"elementor-container elementor-column-gap-default\">\n\t\t\t\t\t<div class=\"elementor-column elementor-col-100 elementor-top-column elementor-element elementor-element-289d296\" data-id=\"289d296\" data-element_type=\"column\">\n\t\t\t<div class=\"elementor-widget-wrap elementor-element-populated\">\n\t\t\t\t\t\t\t\t<div class=\"elementor-element elementor-element-594c6ab elementor-widget elementor-widget-heading\" data-id=\"594c6ab\" data-element_type=\"widget\" data-widget_type=\"heading.default\">\n\t\t\t\t<div class=\"elementor-widget-container\">\n\t\t\t<style>\/*! elementor - v3.9.0 - 06-12-2022 *\/\n.elementor-heading-title{padding:0;margin:0;line-height:1}.elementor-widget-heading .elementor-heading-title[class*=elementor-size-]>a{color:inherit;font-size:inherit;line-height:inherit}.elementor-widget-heading .elementor-heading-title.elementor-size-small{font-size:15px}.elementor-widget-heading .elementor-heading-title.elementor-size-medium{font-size:19px}.elementor-widget-heading .elementor-heading-title.elementor-size-large{font-size:29px}.elementor-widget-heading .elementor-heading-title.elementor-size-xl{font-size:39px}.elementor-widget-heading .elementor-heading-title.elementor-size-xxl{font-size:59px}<\/style><h2 class=\"elementor-heading-title elementor-size-default\">Tiny house<\/h2>\t\t<\/div>\n\t\t\t\t<\/div>\n\t\t\t\t<div class=\"elementor-element elementor-element-0a9b63f elementor-widget elementor-widget-text-editor\" data-id=\"0a9b63f\" data-element_type=\"widget\" data-widget_type=\"text-editor.default\">\n\t\t\t\t<div class=\"elementor-widget-container\">\n\t\t\t<style>\/*! elementor - v3.9.0 - 06-12-2022 *\/\n.elementor-widget-text-editor.elementor-drop-cap-view-stacked .elementor-drop-cap{background-color:#818a91;color:#fff}.elementor-widget-text-editor.elementor-drop-cap-view-framed .elementor-drop-cap{color:#818a91;border:3px solid;background-color:transparent}.elementor-widget-text-editor:not(.elementor-drop-cap-view-default) .elementor-drop-cap{margin-top:8px}.elementor-widget-text-editor:not(.elementor-drop-cap-view-default) .elementor-drop-cap-letter{width:1em;height:1em}.elementor-widget-text-editor .elementor-drop-cap{float:left;text-align:center;line-height:1;font-size:50px}.elementor-widget-text-editor .elementor-drop-cap-letter{display:inline-block}<\/style>\t\t\t\t<p>Mobiles Haus bis zu 35 m2, oft mit einer Fl\u00e4che von nur etwa einem Dutzend Metern, auf R\u00e4dern gesetzt \u2013 das ist ein Tiny House. Dieses Haus bietet einen kleinen Wohnbereich, in dem Sie sich entspannen, arbeiten oder einfach dem Alltag entfliehen k\u00f6nnen.<\/p>\n<p>\u00a0<\/p>\n<p>Bei Pinehaus bauen wir solche H\u00e4user aus hochwertigstem Holz. Wir setzen sie auf Fahrgestellen, die erm\u00f6glichen, mit ihnen zu reisen. Das Tiny House Mobilheim ist ein gutes Erholungshaus, das fast \u00fcberall aufgestellt werden kann.<\/p>\n\t\t\t\t\t\t<\/div>\n\t\t\t\t<\/div>\n\t\t\t\t\t<\/div>\n\t\t<\/div>\n\t\t\t\t\t\t\t<\/div>\n\t\t<\/section>\n\t\t\t\t<section class=\"elementor-section elementor-top-section elementor-element elementor-element-73363c9 elementor-section-boxed elementor-section-height-default elementor-section-height-default\" data-id=\"73363c9\" data-element_type=\"section\" data-settings=\"{&quot;background_background&quot;:&quot;classic&quot;}\">\n\t\t\t\t\t\t<div class=\"elementor-container elementor-column-gap-default\">\n\t\t\t\t\t<div class=\"elementor-column elementor-col-100 elementor-top-column elementor-element elementor-element-9877ee5\" data-id=\"9877ee5\" data-element_type=\"column\">\n\t\t\t<div class=\"elementor-widget-wrap elementor-element-populated\">\n\t\t\t\t\t\t\t\t<div class=\"elementor-element elementor-element-ecc2d00 elementor-widget elementor-widget-heading\" data-id=\"ecc2d00\" data-element_type=\"widget\" data-widget_type=\"heading.default\">\n\t\t\t\t<div class=\"elementor-widget-container\">\n\t\t\t<h2 class=\"elementor-heading-title elementor-size-default\">Was ist ein Tiny House?<\/h2>\t\t<\/div>\n\t\t\t\t<\/div>\n\t\t\t\t\t<\/div>\n\t\t<\/div>\n\t\t\t\t\t\t\t<\/div>\n\t\t<\/section>\n\t\t\t\t<section class=\"elementor-section elementor-top-section elementor-element elementor-element-f1cccd8 elementor-section-boxed elementor-section-height-default elementor-section-height-default\" data-id=\"f1cccd8\" data-element_type=\"section\" data-settings=\"{&quot;background_background&quot;:&quot;classic&quot;}\">\n\t\t\t\t\t\t<div class=\"elementor-container elementor-column-gap-default\">\n\t\t\t\t\t<div class=\"elementor-column elementor-col-100 elementor-top-column elementor-element elementor-element-eb9d884\" data-id=\"eb9d884\" data-element_type=\"column\">\n\t\t\t<div class=\"elementor-widget-wrap elementor-element-populated\">\n\t\t\t\t\t\t\t\t<div class=\"elementor-element elementor-element-84ccafe elementor-widget elementor-widget-text-editor\" data-id=\"84ccafe\" data-element_type=\"widget\" data-widget_type=\"text-editor.default\">\n\t\t\t\t<div class=\"elementor-widget-container\">\n\t\t\t\t\t\t\t<p>Kleine H\u00e4user auf R\u00e4dern ist eine Idee, die ihre Wurzeln in den Vereinigten Staaten hat, wird aber auch in Europa immer beliebter. So entworfen und gebaut, dass sie einfach auf einem Anh\u00e4nger bewegt werden k\u00f6nnen, \u00e4hneln sie traditionellen H\u00e4usern. Tiny Houses, die mit Standardtechniken gebaut wurden, haben alle notwendigen Installationen, man kann also in ihnen Bereiche verschiedener Bestimmung absondern: Sitzecke, Schlafzimmer, K\u00fcche und sogar ein Badezimmer mit Toilette.<\/p>\n\t\t\t\t\t\t<\/div>\n\t\t\t\t<\/div>\n\t\t\t\t\t<\/div>\n\t\t<\/div>\n\t\t\t\t\t\t\t<\/div>\n\t\t<\/section>\n\t\t\t\t<section class=\"elementor-section elementor-top-section elementor-element elementor-element-316b309 elementor-section-boxed elementor-section-height-default elementor-section-height-default\" data-id=\"316b309\" data-element_type=\"section\">\n\t\t\t\t\t\t<div class=\"elementor-container elementor-column-gap-default\">\n\t\t\t\t\t<div class=\"elementor-column elementor-col-100 elementor-top-column elementor-element elementor-element-4c37405\" data-id=\"4c37405\" data-element_type=\"column\">\n\t\t\t<div class=\"elementor-widget-wrap elementor-element-populated\">\n\t\t\t\t\t\t\t\t<div class=\"elementor-element elementor-element-3a45c88 elementor-widget elementor-widget-heading\" data-id=\"3a45c88\" data-element_type=\"widget\" data-widget_type=\"heading.default\">\n\t\t\t\t<div class=\"elementor-widget-container\">\n\t\t\t<h2 class=\"elementor-heading-title elementor-size-default\">Tiny House \u2013 minimaler Platzbedarf, maximaler Komfort <\/h2>\t\t<\/div>\n\t\t\t\t<\/div>\n\t\t\t\t\t<\/div>\n\t\t<\/div>\n\t\t\t\t\t\t\t<\/div>\n\t\t<\/section>\n\t\t\t\t<section class=\"elementor-section elementor-top-section elementor-element elementor-element-674e509 elementor-section-boxed elementor-section-height-default elementor-section-height-default\" data-id=\"674e509\" data-element_type=\"section\">\n\t\t\t\t\t\t<div class=\"elementor-container elementor-column-gap-default\">\n\t\t\t\t\t<div class=\"elementor-column elementor-col-100 elementor-top-column elementor-element elementor-element-2a93fcd\" data-id=\"2a93fcd\" data-element_type=\"column\">\n\t\t\t<div class=\"elementor-widget-wrap elementor-element-populated\">\n\t\t\t\t\t\t\t\t<div class=\"elementor-element elementor-element-b9b417e elementor-widget elementor-widget-text-editor\" data-id=\"b9b417e\" data-element_type=\"widget\" data-widget_type=\"text-editor.default\">\n\t\t\t\t<div class=\"elementor-widget-container\">\n\t\t\t\t\t\t\t<p>Tiny House ist ein mobiles Zuhause f\u00fcr Menschen, die von einem kleinen Haus tr\u00e4umen. F\u00fcr viele von ihnen ist dieser Minimalismus und das Leben eines Nomaden eine Idee, der sie folgen. Man spricht sogar von einem Tiny-House-Movement, also einer sozialen Bewegung, bei der sich Menschen bewusst f\u00fcr das Leben auf kleinem Raum entscheiden. Sie verlassen den Konsumismus und tauschen ihn gegen Einfachheit, indem sie diesen wirtschaftlichen und unabh\u00e4ngigen Lebensstil w\u00e4hlen. Ein Tiny House Mobilheim ist aber auch ein perfekter Ort f\u00fcr diejenigen, die regelm\u00e4\u00dfige \u00c4nderungen ben\u00f6tigen.<\/p>\n<p>Tiny House ist ein komplett autarkes Mobilheim. Seine Konstruktion ber\u00fccksichtigt alle Installationen, auf die man kaum verzichten k\u00f6nnte \u2013 sowohl die Hydraulik als auch die Elektrizit\u00e4t. Dadurch bietet es Zugang zu flie\u00dfendem Wasser und Strom. Wenn man also f\u00fcr eine Weile von zu Hause wegl\u00e4uft und in ein winziges Haus zieht, muss man nicht auf Komfort verzichten.<\/p>\n<p>Standardm\u00e4\u00dfig haben Tiny Houses eine Fl\u00e4che von etwa Dutzend bis maximal 35 Quadratmetern. Es ist kein ger\u00e4umiges Interieur, aber spezielle L\u00f6sungen machen die Nutzung sehr komfortabel. Trotz kleinem Raum kann man ein Schlafzimmer, eine K\u00fcche oder ein Badezimmer absondern.<\/p>\n\t\t\t\t\t\t<\/div>\n\t\t\t\t<\/div>\n\t\t\t\t\t<\/div>\n\t\t<\/div>\n\t\t\t\t\t\t\t<\/div>\n\t\t<\/section>\n\t\t\t\t<section class=\"elementor-section elementor-top-section elementor-element elementor-element-8346d82 elementor-section-boxed elementor-section-height-default elementor-section-height-default\" data-id=\"8346d82\" data-element_type=\"section\">\n\t\t\t\t\t\t<div class=\"elementor-container elementor-column-gap-default\">\n\t\t\t\t\t<div class=\"elementor-column elementor-col-100 elementor-top-column elementor-element elementor-element-62ed1d7\" data-id=\"62ed1d7\" data-element_type=\"column\">\n\t\t\t<div class=\"elementor-widget-wrap elementor-element-populated\">\n\t\t\t\t\t\t\t\t<div class=\"elementor-element elementor-element-960f58e elementor-widget elementor-widget-heading\" data-id=\"960f58e\" data-element_type=\"widget\" data-widget_type=\"heading.default\">\n\t\t\t\t<div class=\"elementor-widget-container\">\n\t\t\t<h2 class=\"elementor-heading-title elementor-size-default\">Vorteile eines Tiny House<\/h2>\t\t<\/div>\n\t\t\t\t<\/div>\n\t\t\t\t\t<\/div>\n\t\t<\/div>\n\t\t\t\t\t\t\t<\/div>\n\t\t<\/section>\n\t\t\t\t<section class=\"elementor-section elementor-top-section elementor-element elementor-element-f4a9289 elementor-section-boxed elementor-section-height-default elementor-section-height-default\" data-id=\"f4a9289\" data-element_type=\"section\">\n\t\t\t\t\t\t<div class=\"elementor-container elementor-column-gap-default\">\n\t\t\t\t\t<div class=\"elementor-column elementor-col-100 elementor-top-column elementor-element elementor-element-7c7ecfe\" data-id=\"7c7ecfe\" data-element_type=\"column\">\n\t\t\t<div class=\"elementor-widget-wrap elementor-element-populated\">\n\t\t\t\t\t\t\t\t<div class=\"elementor-element elementor-element-9759aa3 elementor-widget elementor-widget-text-editor\" data-id=\"9759aa3\" data-element_type=\"widget\" data-widget_type=\"text-editor.default\">\n\t\t\t\t<div class=\"elementor-widget-container\">\n\t\t\t\t\t\t\t<p>Ein mobiles Tiny House hat viele Vorteile. Vor allem kann es fast \u00fcberall aufgestellt werden. Es kann einfach von Grundst\u00fcck zu Grundst\u00fcck transportiert werden. Ein Mobilhaus auf R\u00e4dern ist eine L\u00f6sung, die viele Menschen ansprechen wird, die sich frei bewegen m\u00f6chten. Welche weiteren Vorteile hat ein Tiny House?<\/p>\n<ul>\n<li>Es nimmt nicht viel Platz ein. Dadurch spart man Platz f\u00fcr die sonstige Infrastruktur.<\/li>\n<li>Es ist mobil. M\u00f6glichkeit der Montage auf einem Anh\u00e4nger und kompakte Gr\u00f6\u00dfe erm\u00f6glichen Bewegung auf \u00f6ffentlichen Stra\u00dfen.<\/li>\n<li>Es hat multifunktionellen Innenraum. Die M\u00f6glichkeit, einen Raum zu arrangieren, der allen R\u00e4umen eines Standardhauses entspricht,  ist sehr komfortabel.<\/li>\n<li>Dank der Installation und der entsprechenden Isolierung kann es das ganze Jahr \u00fcber genutzt werden.<\/li>\n<\/ul>\n\t\t\t\t\t\t<\/div>\n\t\t\t\t<\/div>\n\t\t\t\t\t<\/div>\n\t\t<\/div>\n\t\t\t\t\t\t\t<\/div>\n\t\t<\/section>\n\t\t\t\t\t\t\t<\/div>\n\t\t","protected":false},"excerpt":{"rendered":"<p>Tiny house Mobiles Haus bis zu 35 m2, oft mit einer Fl\u00e4che von nur etwa einem Dutzend Metern, auf R\u00e4dern gesetzt \u2013 das ist ein Tiny House. Dieses Haus bietet einen kleinen Wohnbereich, in dem Sie sich entspannen, arbeiten oder einfach dem Alltag entfliehen k\u00f6nnen. \u00a0 Bei Pinehaus bauen wir solche H\u00e4user aus hochwertigstem Holz. [&hellip;]<\/p>\n","protected":false},"author":1,"featured_media":0,"parent":966,"menu_order":0,"comment_status":"closed","ping_status":"closed","template":"","meta":{"content-type":""},"yoast_head":"<!-- This site is optimized with the Yoast SEO plugin v19.11 - https:\/\/yoast.com\/wordpress\/plugins\/seo\/ -->\n<title>Tiny house - Pinehaus - tiny house, kleine, luxuri\u00f6se Mobilheime aus Holz<\/title>\n<meta name=\"description\" content=\"Tiny House sind kleine Luxush\u00e4user auf R\u00e4dern, die zum Entspannen geschaffen wurden. Bei Pinehaus bauen wir sie aus zertifiziertem Holz. M\u00f6chten Sie so ein Haus haben?\" \/>\n<meta name=\"robots\" content=\"index, follow, max-snippet:-1, max-image-preview:large, max-video-preview:-1\" \/>\n<link rel=\"canonical\" href=\"https:\/\/pinehaus.pl\/de\/haeuser\/tiny-house\" \/>\n<meta property=\"og:locale\" content=\"de_DE\" \/>\n<meta property=\"og:type\" content=\"article\" \/>\n<meta property=\"og:title\" content=\"Tiny house - Pinehaus - tiny house, kleine, luxuri\u00f6se Mobilheime aus Holz\" \/>\n<meta property=\"og:description\" content=\"Tiny House sind kleine Luxush\u00e4user auf R\u00e4dern, die zum Entspannen geschaffen wurden. Bei Pinehaus bauen wir sie aus zertifiziertem Holz. M\u00f6chten Sie so ein Haus haben?\" \/>\n<meta property=\"og:url\" content=\"https:\/\/pinehaus.pl\/de\/haeuser\/tiny-house\" \/>\n<meta property=\"og:site_name\" content=\"Pinehaus - tiny house, kleine, luxuri\u00f6se Mobilheime aus Holz\" \/>\n<meta property=\"article:modified_time\" content=\"2022-09-14T20:52:39+00:00\" \/>\n<meta name=\"twitter:card\" content=\"summary_large_image\" \/>\n<meta name=\"twitter:label1\" content=\"Gesch\u00e4tzte Lesezeit\" \/>\n\t<meta name=\"twitter:data1\" content=\"2 Minuten\" \/>\n<script type=\"application\/ld+json\" class=\"yoast-schema-graph\">{\"@context\":\"https:\/\/schema.org\",\"@graph\":[{\"@type\":\"WebPage\",\"@id\":\"https:\/\/pinehaus.pl\/de\/haeuser\/tiny-house\",\"url\":\"https:\/\/pinehaus.pl\/de\/haeuser\/tiny-house\",\"name\":\"Tiny house - Pinehaus - tiny house, kleine, luxuri\u00f6se Mobilheime aus Holz\",\"isPartOf\":{\"@id\":\"https:\/\/pinehaus.pl\/de#website\"},\"datePublished\":\"2022-08-06T08:36:56+00:00\",\"dateModified\":\"2022-09-14T20:52:39+00:00\",\"description\":\"Tiny House sind kleine Luxush\u00e4user auf R\u00e4dern, die zum Entspannen geschaffen wurden. Bei Pinehaus bauen wir sie aus zertifiziertem Holz. M\u00f6chten Sie so ein Haus haben?\",\"breadcrumb\":{\"@id\":\"https:\/\/pinehaus.pl\/de\/haeuser\/tiny-house#breadcrumb\"},\"inLanguage\":\"de-DE\",\"potentialAction\":[{\"@type\":\"ReadAction\",\"target\":[\"https:\/\/pinehaus.pl\/de\/haeuser\/tiny-house\"]}]},{\"@type\":\"BreadcrumbList\",\"@id\":\"https:\/\/pinehaus.pl\/de\/haeuser\/tiny-house#breadcrumb\",\"itemListElement\":[{\"@type\":\"ListItem\",\"position\":1,\"name\":\"Home\",\"item\":\"https:\/\/pinehaus.pl\/de\"},{\"@type\":\"ListItem\",\"position\":2,\"name\":\"H\u00e4user\",\"item\":\"https:\/\/pinehaus.pl\/de\/haeuser\"},{\"@type\":\"ListItem\",\"position\":3,\"name\":\"Tiny house\"}]},{\"@type\":\"WebSite\",\"@id\":\"https:\/\/pinehaus.pl\/de#website\",\"url\":\"https:\/\/pinehaus.pl\/de\",\"name\":\"Pinehaus - tiny house, kleine, luxuri\u00f6se Mobilheime aus Holz\",\"description\":\"W Pinehaus projektujemy i budujemy mobilne domy typu tiny house i drewniane domy modu\u0142owe z najlepszych materia\u0142&oacute;w. Ma\u0142e, luksusowe domy z drewna.\",\"publisher\":{\"@id\":\"https:\/\/pinehaus.pl\/de#organization\"},\"potentialAction\":[{\"@type\":\"SearchAction\",\"target\":{\"@type\":\"EntryPoint\",\"urlTemplate\":\"https:\/\/pinehaus.pl\/de?s={search_term_string}\"},\"query-input\":\"required name=search_term_string\"}],\"inLanguage\":\"de-DE\"},{\"@type\":\"Organization\",\"@id\":\"https:\/\/pinehaus.pl\/de#organization\",\"name\":\"Pinehaus - tiny house, kleine, luxuri\u00f6se Mobilheime aus Holz\",\"url\":\"https:\/\/pinehaus.pl\/de\",\"logo\":{\"@type\":\"ImageObject\",\"inLanguage\":\"de-DE\",\"@id\":\"https:\/\/pinehaus.pl\/de#\/schema\/logo\/image\/\",\"url\":\"https:\/\/pinehaus.pl\/wp-content\/uploads\/2022\/07\/Pinehaus@2x.png\",\"contentUrl\":\"https:\/\/pinehaus.pl\/wp-content\/uploads\/2022\/07\/Pinehaus@2x.png\",\"width\":450,\"height\":242,\"caption\":\"Pinehaus - tiny house, kleine, luxuri\u00f6se Mobilheime aus Holz\"},\"image\":{\"@id\":\"https:\/\/pinehaus.pl\/de#\/schema\/logo\/image\/\"}}]}<\/script>\n<!-- \/ Yoast SEO plugin. -->","yoast_head_json":{"title":"Tiny house - Pinehaus - tiny house, kleine, luxuri\u00f6se Mobilheime aus Holz","description":"Tiny House sind kleine Luxush\u00e4user auf R\u00e4dern, die zum Entspannen geschaffen wurden. Bei Pinehaus bauen wir sie aus zertifiziertem Holz. M\u00f6chten Sie so ein Haus haben?","robots":{"index":"index","follow":"follow","max-snippet":"max-snippet:-1","max-image-preview":"max-image-preview:large","max-video-preview":"max-video-preview:-1"},"canonical":"https:\/\/pinehaus.pl\/de\/haeuser\/tiny-house","og_locale":"de_DE","og_type":"article","og_title":"Tiny house - Pinehaus - tiny house, kleine, luxuri\u00f6se Mobilheime aus Holz","og_description":"Tiny House sind kleine Luxush\u00e4user auf R\u00e4dern, die zum Entspannen geschaffen wurden. Bei Pinehaus bauen wir sie aus zertifiziertem Holz. M\u00f6chten Sie so ein Haus haben?","og_url":"https:\/\/pinehaus.pl\/de\/haeuser\/tiny-house","og_site_name":"Pinehaus - tiny house, kleine, luxuri\u00f6se Mobilheime aus Holz","article_modified_time":"2022-09-14T20:52:39+00:00","twitter_card":"summary_large_image","twitter_misc":{"Gesch\u00e4tzte Lesezeit":"2 Minuten"},"schema":{"@context":"https:\/\/schema.org","@graph":[{"@type":"WebPage","@id":"https:\/\/pinehaus.pl\/de\/haeuser\/tiny-house","url":"https:\/\/pinehaus.pl\/de\/haeuser\/tiny-house","name":"Tiny house - Pinehaus - tiny house, kleine, luxuri\u00f6se Mobilheime aus Holz","isPartOf":{"@id":"https:\/\/pinehaus.pl\/de#website"},"datePublished":"2022-08-06T08:36:56+00:00","dateModified":"2022-09-14T20:52:39+00:00","description":"Tiny House sind kleine Luxush\u00e4user auf R\u00e4dern, die zum Entspannen geschaffen wurden. Bei Pinehaus bauen wir sie aus zertifiziertem Holz. M\u00f6chten Sie so ein Haus haben?","breadcrumb":{"@id":"https:\/\/pinehaus.pl\/de\/haeuser\/tiny-house#breadcrumb"},"inLanguage":"de-DE","potentialAction":[{"@type":"ReadAction","target":["https:\/\/pinehaus.pl\/de\/haeuser\/tiny-house"]}]},{"@type":"BreadcrumbList","@id":"https:\/\/pinehaus.pl\/de\/haeuser\/tiny-house#breadcrumb","itemListElement":[{"@type":"ListItem","position":1,"name":"Home","item":"https:\/\/pinehaus.pl\/de"},{"@type":"ListItem","position":2,"name":"H\u00e4user","item":"https:\/\/pinehaus.pl\/de\/haeuser"},{"@type":"ListItem","position":3,"name":"Tiny house"}]},{"@type":"WebSite","@id":"https:\/\/pinehaus.pl\/de#website","url":"https:\/\/pinehaus.pl\/de","name":"Pinehaus - tiny house, kleine, luxuri\u00f6se Mobilheime aus Holz","description":"W Pinehaus projektujemy i budujemy mobilne domy typu tiny house i drewniane domy modu\u0142owe z najlepszych materia\u0142&oacute;w. Ma\u0142e, luksusowe domy z drewna.","publisher":{"@id":"https:\/\/pinehaus.pl\/de#organization"},"potentialAction":[{"@type":"SearchAction","target":{"@type":"EntryPoint","urlTemplate":"https:\/\/pinehaus.pl\/de?s={search_term_string}"},"query-input":"required name=search_term_string"}],"inLanguage":"de-DE"},{"@type":"Organization","@id":"https:\/\/pinehaus.pl\/de#organization","name":"Pinehaus - tiny house, kleine, luxuri\u00f6se Mobilheime aus Holz","url":"https:\/\/pinehaus.pl\/de","logo":{"@type":"ImageObject","inLanguage":"de-DE","@id":"https:\/\/pinehaus.pl\/de#\/schema\/logo\/image\/","url":"https:\/\/pinehaus.pl\/wp-content\/uploads\/2022\/07\/Pinehaus@2x.png","contentUrl":"https:\/\/pinehaus.pl\/wp-content\/uploads\/2022\/07\/Pinehaus@2x.png","width":450,"height":242,"caption":"Pinehaus - tiny house, kleine, luxuri\u00f6se Mobilheime aus Holz"},"image":{"@id":"https:\/\/pinehaus.pl\/de#\/schema\/logo\/image\/"}}]}},"_links":{"self":[{"href":"https:\/\/pinehaus.pl\/de\/wp-json\/wp\/v2\/pages\/974"}],"collection":[{"href":"https:\/\/pinehaus.pl\/de\/wp-json\/wp\/v2\/pages"}],"about":[{"href":"https:\/\/pinehaus.pl\/de\/wp-json\/wp\/v2\/types\/page"}],"author":[{"embeddable":true,"href":"https:\/\/pinehaus.pl\/de\/wp-json\/wp\/v2\/users\/1"}],"replies":[{"embeddable":true,"href":"https:\/\/pinehaus.pl\/de\/wp-json\/wp\/v2\/comments?post=974"}],"version-history":[{"count":2,"href":"https:\/\/pinehaus.pl\/de\/wp-json\/wp\/v2\/pages\/974\/revisions"}],"predecessor-version":[{"id":1197,"href":"https:\/\/pinehaus.pl\/de\/wp-json\/wp\/v2\/pages\/974\/revisions\/1197"}],"up":[{"embeddable":true,"href":"https:\/\/pinehaus.pl\/de\/wp-json\/wp\/v2\/pages\/966"}],"wp:attachment":[{"href":"https:\/\/pinehaus.pl\/de\/wp-json\/wp\/v2\/media?parent=974"}],"curies":[{"name":"wp","href":"https:\/\/api.w.org\/{rel}","templated":true}]}}