{"id":976,"date":"2022-08-06T08:52:24","date_gmt":"2022-08-06T08:52:24","guid":{"rendered":"https:\/\/pinehaus.pl\/haeuser\/modulare\/"},"modified":"2022-09-14T20:52:39","modified_gmt":"2022-09-14T20:52:39","slug":"modulare","status":"publish","type":"page","link":"https:\/\/pinehaus.pl\/de\/haeuser\/modulare","title":{"rendered":"Modulare"},"content":{"rendered":"\t\t<div data-elementor-type=\"wp-page\" data-elementor-id=\"976\" class=\"elementor elementor-976 elementor-477\">\n\t\t\t\t\t\t\t\t\t<section class=\"elementor-section elementor-top-section elementor-element elementor-element-2aed1f9 elementor-section-boxed elementor-section-height-default elementor-section-height-default\" data-id=\"2aed1f9\" data-element_type=\"section\">\n\t\t\t\t\t\t<div class=\"elementor-container elementor-column-gap-default\">\n\t\t\t\t\t<div class=\"elementor-column elementor-col-100 elementor-top-column elementor-element elementor-element-289d296\" data-id=\"289d296\" data-element_type=\"column\">\n\t\t\t<div class=\"elementor-widget-wrap elementor-element-populated\">\n\t\t\t\t\t\t\t\t<div class=\"elementor-element elementor-element-594c6ab elementor-widget elementor-widget-heading\" data-id=\"594c6ab\" data-element_type=\"widget\" data-widget_type=\"heading.default\">\n\t\t\t\t<div class=\"elementor-widget-container\">\n\t\t\t<style>\/*! elementor - v3.9.0 - 06-12-2022 *\/\n.elementor-heading-title{padding:0;margin:0;line-height:1}.elementor-widget-heading .elementor-heading-title[class*=elementor-size-]>a{color:inherit;font-size:inherit;line-height:inherit}.elementor-widget-heading .elementor-heading-title.elementor-size-small{font-size:15px}.elementor-widget-heading .elementor-heading-title.elementor-size-medium{font-size:19px}.elementor-widget-heading .elementor-heading-title.elementor-size-large{font-size:29px}.elementor-widget-heading .elementor-heading-title.elementor-size-xl{font-size:39px}.elementor-widget-heading .elementor-heading-title.elementor-size-xxl{font-size:59px}<\/style><h2 class=\"elementor-heading-title elementor-size-default\">Modulare H\u00e4user, d. h. H\u00e4user aus Bl\u00f6cken<\/h2>\t\t<\/div>\n\t\t\t\t<\/div>\n\t\t\t\t<div class=\"elementor-element elementor-element-0a9b63f elementor-widget elementor-widget-text-editor\" data-id=\"0a9b63f\" data-element_type=\"widget\" data-widget_type=\"text-editor.default\">\n\t\t\t\t<div class=\"elementor-widget-container\">\n\t\t\t<style>\/*! elementor - v3.9.0 - 06-12-2022 *\/\n.elementor-widget-text-editor.elementor-drop-cap-view-stacked .elementor-drop-cap{background-color:#818a91;color:#fff}.elementor-widget-text-editor.elementor-drop-cap-view-framed .elementor-drop-cap{color:#818a91;border:3px solid;background-color:transparent}.elementor-widget-text-editor:not(.elementor-drop-cap-view-default) .elementor-drop-cap{margin-top:8px}.elementor-widget-text-editor:not(.elementor-drop-cap-view-default) .elementor-drop-cap-letter{width:1em;height:1em}.elementor-widget-text-editor .elementor-drop-cap{float:left;text-align:center;line-height:1;font-size:50px}.elementor-widget-text-editor .elementor-drop-cap-letter{display:inline-block}<\/style>\t\t\t\t<p>Modularer Bau ist nichts Neues. Seit vielen Jahren werden H\u00e4user aus vorgefertigten Elementen hergestellt.\u00a0 <\/p>\n<p>Es sind H\u00e4user, die in einer Fabrik entstehen. Fertige Module werden auf das Grundst\u00fcck gebracht und vor Ort montiert. Ein solches System reduziert die Bauzeit erheblich und erm\u00f6glicht, sich schnell, am gewonnenen Raum zu erfreuen. Wie kann man ihn am besten nutzen? Ist es m\u00f6glich, in einem modularen Haus zu wohnen?<\/p>\n\t\t\t\t\t\t<\/div>\n\t\t\t\t<\/div>\n\t\t\t\t\t<\/div>\n\t\t<\/div>\n\t\t\t\t\t\t\t<\/div>\n\t\t<\/section>\n\t\t\t\t<section class=\"elementor-section elementor-top-section elementor-element elementor-element-73363c9 elementor-section-boxed elementor-section-height-default elementor-section-height-default\" data-id=\"73363c9\" data-element_type=\"section\" data-settings=\"{&quot;background_background&quot;:&quot;classic&quot;}\">\n\t\t\t\t\t\t<div class=\"elementor-container elementor-column-gap-default\">\n\t\t\t\t\t<div class=\"elementor-column elementor-col-100 elementor-top-column elementor-element elementor-element-9877ee5\" data-id=\"9877ee5\" data-element_type=\"column\">\n\t\t\t<div class=\"elementor-widget-wrap elementor-element-populated\">\n\t\t\t\t\t\t\t\t<div class=\"elementor-element elementor-element-ecc2d00 elementor-widget elementor-widget-heading\" data-id=\"ecc2d00\" data-element_type=\"widget\" data-widget_type=\"heading.default\">\n\t\t\t\t<div class=\"elementor-widget-container\">\n\t\t\t<h2 class=\"elementor-heading-title elementor-size-default\">Was ist ein modulares Haus?<\/h2>\t\t<\/div>\n\t\t\t\t<\/div>\n\t\t\t\t\t<\/div>\n\t\t<\/div>\n\t\t\t\t\t\t\t<\/div>\n\t\t<\/section>\n\t\t\t\t<section class=\"elementor-section elementor-top-section elementor-element elementor-element-f1cccd8 elementor-section-boxed elementor-section-height-default elementor-section-height-default\" data-id=\"f1cccd8\" data-element_type=\"section\" data-settings=\"{&quot;background_background&quot;:&quot;classic&quot;}\">\n\t\t\t\t\t\t<div class=\"elementor-container elementor-column-gap-default\">\n\t\t\t\t\t<div class=\"elementor-column elementor-col-100 elementor-top-column elementor-element elementor-element-eb9d884\" data-id=\"eb9d884\" data-element_type=\"column\">\n\t\t\t<div class=\"elementor-widget-wrap elementor-element-populated\">\n\t\t\t\t\t\t\t\t<div class=\"elementor-element elementor-element-84ccafe elementor-widget elementor-widget-text-editor\" data-id=\"84ccafe\" data-element_type=\"widget\" data-widget_type=\"text-editor.default\">\n\t\t\t\t<div class=\"elementor-widget-container\">\n\t\t\t\t\t\t\t<p>Modulare H\u00e4user werden aus vielen Gr\u00fcnden immer beliebter. Erstens \u00e4hnelt ihre Konstruktion traditionellen H\u00e4usern. Sie haben ein modernes, unverwechselbares Design. Vor allem aber sind sie sehr funktionell. Sie werden meist als Erholungsheime genutzt und von Unternehmen aus der Tourismusbranche in attraktiven Ferienorten errichtet. Auf kleinem Raum eines solchen Hauses kann man ein voll funktionsf\u00e4higes, autarkes Interieur einrichten, das die Bed\u00fcrfnisse selbst der anspruchsvollsten Benutzer erf\u00fcllt.<\/p>\n\t\t\t\t\t\t<\/div>\n\t\t\t\t<\/div>\n\t\t\t\t\t<\/div>\n\t\t<\/div>\n\t\t\t\t\t\t\t<\/div>\n\t\t<\/section>\n\t\t\t\t<section class=\"elementor-section elementor-top-section elementor-element elementor-element-316b309 elementor-section-boxed elementor-section-height-default elementor-section-height-default\" data-id=\"316b309\" data-element_type=\"section\">\n\t\t\t\t\t\t<div class=\"elementor-container elementor-column-gap-default\">\n\t\t\t\t\t<div class=\"elementor-column elementor-col-100 elementor-top-column elementor-element elementor-element-4c37405\" data-id=\"4c37405\" data-element_type=\"column\">\n\t\t\t<div class=\"elementor-widget-wrap elementor-element-populated\">\n\t\t\t\t\t\t\t\t<div class=\"elementor-element elementor-element-3a45c88 elementor-widget elementor-widget-heading\" data-id=\"3a45c88\" data-element_type=\"widget\" data-widget_type=\"heading.default\">\n\t\t\t\t<div class=\"elementor-widget-container\">\n\t\t\t<h2 class=\"elementor-heading-title elementor-size-default\">Wie werden modulare H\u00e4user gebaut?<\/h2>\t\t<\/div>\n\t\t\t\t<\/div>\n\t\t\t\t\t<\/div>\n\t\t<\/div>\n\t\t\t\t\t\t\t<\/div>\n\t\t<\/section>\n\t\t\t\t<section class=\"elementor-section elementor-top-section elementor-element elementor-element-674e509 elementor-section-boxed elementor-section-height-default elementor-section-height-default\" data-id=\"674e509\" data-element_type=\"section\">\n\t\t\t\t\t\t<div class=\"elementor-container elementor-column-gap-default\">\n\t\t\t\t\t<div class=\"elementor-column elementor-col-100 elementor-top-column elementor-element elementor-element-2a93fcd\" data-id=\"2a93fcd\" data-element_type=\"column\">\n\t\t\t<div class=\"elementor-widget-wrap elementor-element-populated\">\n\t\t\t\t\t\t\t\t<div class=\"elementor-element elementor-element-b9b417e elementor-widget elementor-widget-text-editor\" data-id=\"b9b417e\" data-element_type=\"widget\" data-widget_type=\"text-editor.default\">\n\t\t\t\t<div class=\"elementor-widget-container\">\n\t\t\t\t\t\t\t<p>Am beliebtesten sind modulare Holzh\u00e4user. Genau solche bauen wir bei Pinehaus. Die Standardfl\u00e4che betr\u00e4gt 35 m2, es spricht jedoch nichts dagegen, sie mit mehr Platz anzubieten. Solche H\u00e4user sind, wie die herk\u00f6mmlichen, mit allen notwendigen Installationen, T\u00fcren und Fenstern ausgestattet, der Dach kann aus traditionellen Metallziegeln oder Bitumenschindeln hergestellt werden. Verschiedene Holzarten und diverse Abschlussarten lassen jedes bei Pinehaus produzierte Haus einzigartig aussehen.\u00a0<\/p>\n<p>Modulare H\u00e4user werden aus vorgefertigten Elementen gebaut. Das bedeutet, dass alle Konstruktionselemente in unserem Werk hergestellt werden. Wir verwenden die hochwertigsten Holzarten aus zertifiziertem Anbau, um dem Kunden h\u00f6chste Qualit\u00e4t anzubieten. Fertige Module werden auf das Grundst\u00fcck Ihrer Wahl geliefert und vor Ort montiert. W\u00e4hrend die Vorfertigung in der Regel einige Wochen dauert, dauert die Montage selbst nur wenige Tage. Dadurch erhalten Sie in kurzer Zeit nach der Bestellung ein bezugsfertiges Haus.<\/p>\n\t\t\t\t\t\t<\/div>\n\t\t\t\t<\/div>\n\t\t\t\t\t<\/div>\n\t\t<\/div>\n\t\t\t\t\t\t\t<\/div>\n\t\t<\/section>\n\t\t\t\t<section class=\"elementor-section elementor-top-section elementor-element elementor-element-8346d82 elementor-section-boxed elementor-section-height-default elementor-section-height-default\" data-id=\"8346d82\" data-element_type=\"section\">\n\t\t\t\t\t\t<div class=\"elementor-container elementor-column-gap-default\">\n\t\t\t\t\t<div class=\"elementor-column elementor-col-100 elementor-top-column elementor-element elementor-element-62ed1d7\" data-id=\"62ed1d7\" data-element_type=\"column\">\n\t\t\t<div class=\"elementor-widget-wrap elementor-element-populated\">\n\t\t\t\t\t\t\t\t<div class=\"elementor-element elementor-element-960f58e elementor-widget elementor-widget-heading\" data-id=\"960f58e\" data-element_type=\"widget\" data-widget_type=\"heading.default\">\n\t\t\t\t<div class=\"elementor-widget-container\">\n\t\t\t<h2 class=\"elementor-heading-title elementor-size-default\">Wie benutzt man ein modulares Haus?<\/h2>\t\t<\/div>\n\t\t\t\t<\/div>\n\t\t\t\t\t<\/div>\n\t\t<\/div>\n\t\t\t\t\t\t\t<\/div>\n\t\t<\/section>\n\t\t\t\t<section class=\"elementor-section elementor-top-section elementor-element elementor-element-f4a9289 elementor-section-boxed elementor-section-height-default elementor-section-height-default\" data-id=\"f4a9289\" data-element_type=\"section\">\n\t\t\t\t\t\t<div class=\"elementor-container elementor-column-gap-default\">\n\t\t\t\t\t<div class=\"elementor-column elementor-col-100 elementor-top-column elementor-element elementor-element-7c7ecfe\" data-id=\"7c7ecfe\" data-element_type=\"column\">\n\t\t\t<div class=\"elementor-widget-wrap elementor-element-populated\">\n\t\t\t\t\t\t\t\t<div class=\"elementor-element elementor-element-9759aa3 elementor-widget elementor-widget-text-editor\" data-id=\"9759aa3\" data-element_type=\"widget\" data-widget_type=\"text-editor.default\">\n\t\t\t\t<div class=\"elementor-widget-container\">\n\t\t\t\t\t\t\t<p>Eine Fl\u00e4che von 35 m2 reicht aus, um ein Interieur zu schaffen, in dem man sich gut ausruhen kann. In einem modularen Haus aus vorgefertigten Elementen dieser Gr\u00f6\u00dfe lassen sich K\u00fcche, Wohnzimmer, Schlafzimmer und Bad problemlos absondern. Es gibt auch eine Option mit einem Zwischengeschoss, das zus\u00e4tzlichen privaten Bereich bietet. Verschiedene L\u00f6sungen, die in einem solchen Geb\u00e4ude verwendet werden k\u00f6nnen, machen dieses Geb\u00e4ude zu einem Ort, wo man sich bequem ausruhen und die Kr\u00e4fte regenerieren kann. Ein solches Haus ist ein gro\u00dfartiger Ort f\u00fcr einen Wochenendausflug, Urlaub oder sogar einen l\u00e4ngeren Aufenthalt.\u00a0<\/p>\n<p>Verwendung geeigneter Materialien, Isolierung sowie Heiz- und Sanit\u00e4rinstallationen erm\u00f6glichen ganzj\u00e4hrige Nutzung dieses Hauses. Dadurch ist es auch ein perfekter Ort f\u00fcr ein B\u00fcro. Es gibt bereits eine gro\u00dfe Gruppe von Menschen, f\u00fcr die modulare H\u00e4user das ganze Jahr \u00fcber traditionelle H\u00e4user oder Wohnungen ersetzen. Kein Wunder \u2013 es ist eine bequeme Alternative zum Wohnen in \u00fcberf\u00fcllten Innenst\u00e4dten. Ein kleines Grundst\u00fcck am Stadtrand reicht aus, um  das Eigenheim<\/p>\n<p> zu genie\u00dfen.<\/p>\n\t\t\t\t\t\t<\/div>\n\t\t\t\t<\/div>\n\t\t\t\t\t<\/div>\n\t\t<\/div>\n\t\t\t\t\t\t\t<\/div>\n\t\t<\/section>\n\t\t\t\t\t\t\t<\/div>\n\t\t","protected":false},"excerpt":{"rendered":"<p>Modulare H\u00e4user, d. h. H\u00e4user aus Bl\u00f6cken Modularer Bau ist nichts Neues. Seit vielen Jahren werden H\u00e4user aus vorgefertigten Elementen hergestellt.\u00a0 Es sind H\u00e4user, die in einer Fabrik entstehen. Fertige Module werden auf das Grundst\u00fcck gebracht und vor Ort montiert. Ein solches System reduziert die Bauzeit erheblich und erm\u00f6glicht, sich schnell, am gewonnenen Raum zu [&hellip;]<\/p>\n","protected":false},"author":1,"featured_media":0,"parent":966,"menu_order":0,"comment_status":"closed","ping_status":"closed","template":"","meta":{"content-type":""},"yoast_head":"<!-- This site is optimized with the Yoast SEO plugin v19.11 - https:\/\/yoast.com\/wordpress\/plugins\/seo\/ -->\n<title>Modulare - Pinehaus - tiny house, kleine, luxuri\u00f6se Mobilheime aus Holz<\/title>\n<meta name=\"description\" content=\"Die Pinehaus-Modulh\u00e4user sind aus hochwertigem, zertifiziertem Holz gefertigt. Es sind luxuri\u00f6se R\u00e4ume, f\u00fcr die Anspruchsvollsten geschaffen.\" \/>\n<meta name=\"robots\" content=\"index, follow, max-snippet:-1, max-image-preview:large, max-video-preview:-1\" \/>\n<link rel=\"canonical\" href=\"https:\/\/pinehaus.pl\/de\/haeuser\/modulare\" \/>\n<meta property=\"og:locale\" content=\"de_DE\" \/>\n<meta property=\"og:type\" content=\"article\" \/>\n<meta property=\"og:title\" content=\"Modulare - Pinehaus - tiny house, kleine, luxuri\u00f6se Mobilheime aus Holz\" \/>\n<meta property=\"og:description\" content=\"Die Pinehaus-Modulh\u00e4user sind aus hochwertigem, zertifiziertem Holz gefertigt. Es sind luxuri\u00f6se R\u00e4ume, f\u00fcr die Anspruchsvollsten geschaffen.\" \/>\n<meta property=\"og:url\" content=\"https:\/\/pinehaus.pl\/de\/haeuser\/modulare\" \/>\n<meta property=\"og:site_name\" content=\"Pinehaus - tiny house, kleine, luxuri\u00f6se Mobilheime aus Holz\" \/>\n<meta property=\"article:modified_time\" content=\"2022-09-14T20:52:39+00:00\" \/>\n<meta name=\"twitter:card\" content=\"summary_large_image\" \/>\n<meta name=\"twitter:label1\" content=\"Gesch\u00e4tzte Lesezeit\" \/>\n\t<meta name=\"twitter:data1\" content=\"2 Minuten\" \/>\n<script type=\"application\/ld+json\" class=\"yoast-schema-graph\">{\"@context\":\"https:\/\/schema.org\",\"@graph\":[{\"@type\":\"WebPage\",\"@id\":\"https:\/\/pinehaus.pl\/de\/haeuser\/modulare\",\"url\":\"https:\/\/pinehaus.pl\/de\/haeuser\/modulare\",\"name\":\"Modulare - Pinehaus - tiny house, kleine, luxuri\u00f6se Mobilheime aus Holz\",\"isPartOf\":{\"@id\":\"https:\/\/pinehaus.pl\/de#website\"},\"datePublished\":\"2022-08-06T08:52:24+00:00\",\"dateModified\":\"2022-09-14T20:52:39+00:00\",\"description\":\"Die Pinehaus-Modulh\u00e4user sind aus hochwertigem, zertifiziertem Holz gefertigt. Es sind luxuri\u00f6se R\u00e4ume, f\u00fcr die Anspruchsvollsten geschaffen.\",\"breadcrumb\":{\"@id\":\"https:\/\/pinehaus.pl\/de\/haeuser\/modulare#breadcrumb\"},\"inLanguage\":\"de-DE\",\"potentialAction\":[{\"@type\":\"ReadAction\",\"target\":[\"https:\/\/pinehaus.pl\/de\/haeuser\/modulare\"]}]},{\"@type\":\"BreadcrumbList\",\"@id\":\"https:\/\/pinehaus.pl\/de\/haeuser\/modulare#breadcrumb\",\"itemListElement\":[{\"@type\":\"ListItem\",\"position\":1,\"name\":\"Home\",\"item\":\"https:\/\/pinehaus.pl\/de\"},{\"@type\":\"ListItem\",\"position\":2,\"name\":\"H\u00e4user\",\"item\":\"https:\/\/pinehaus.pl\/de\/haeuser\"},{\"@type\":\"ListItem\",\"position\":3,\"name\":\"Modulare\"}]},{\"@type\":\"WebSite\",\"@id\":\"https:\/\/pinehaus.pl\/de#website\",\"url\":\"https:\/\/pinehaus.pl\/de\",\"name\":\"Pinehaus - tiny house, kleine, luxuri\u00f6se Mobilheime aus Holz\",\"description\":\"W Pinehaus projektujemy i budujemy mobilne domy typu tiny house i drewniane domy modu\u0142owe z najlepszych materia\u0142&oacute;w. Ma\u0142e, luksusowe domy z drewna.\",\"publisher\":{\"@id\":\"https:\/\/pinehaus.pl\/de#organization\"},\"potentialAction\":[{\"@type\":\"SearchAction\",\"target\":{\"@type\":\"EntryPoint\",\"urlTemplate\":\"https:\/\/pinehaus.pl\/de?s={search_term_string}\"},\"query-input\":\"required name=search_term_string\"}],\"inLanguage\":\"de-DE\"},{\"@type\":\"Organization\",\"@id\":\"https:\/\/pinehaus.pl\/de#organization\",\"name\":\"Pinehaus - tiny house, kleine, luxuri\u00f6se Mobilheime aus Holz\",\"url\":\"https:\/\/pinehaus.pl\/de\",\"logo\":{\"@type\":\"ImageObject\",\"inLanguage\":\"de-DE\",\"@id\":\"https:\/\/pinehaus.pl\/de#\/schema\/logo\/image\/\",\"url\":\"https:\/\/pinehaus.pl\/wp-content\/uploads\/2022\/07\/Pinehaus@2x.png\",\"contentUrl\":\"https:\/\/pinehaus.pl\/wp-content\/uploads\/2022\/07\/Pinehaus@2x.png\",\"width\":450,\"height\":242,\"caption\":\"Pinehaus - tiny house, kleine, luxuri\u00f6se Mobilheime aus Holz\"},\"image\":{\"@id\":\"https:\/\/pinehaus.pl\/de#\/schema\/logo\/image\/\"}}]}<\/script>\n<!-- \/ Yoast SEO plugin. -->","yoast_head_json":{"title":"Modulare - Pinehaus - tiny house, kleine, luxuri\u00f6se Mobilheime aus Holz","description":"Die Pinehaus-Modulh\u00e4user sind aus hochwertigem, zertifiziertem Holz gefertigt. Es sind luxuri\u00f6se R\u00e4ume, f\u00fcr die Anspruchsvollsten geschaffen.","robots":{"index":"index","follow":"follow","max-snippet":"max-snippet:-1","max-image-preview":"max-image-preview:large","max-video-preview":"max-video-preview:-1"},"canonical":"https:\/\/pinehaus.pl\/de\/haeuser\/modulare","og_locale":"de_DE","og_type":"article","og_title":"Modulare - Pinehaus - tiny house, kleine, luxuri\u00f6se Mobilheime aus Holz","og_description":"Die Pinehaus-Modulh\u00e4user sind aus hochwertigem, zertifiziertem Holz gefertigt. Es sind luxuri\u00f6se R\u00e4ume, f\u00fcr die Anspruchsvollsten geschaffen.","og_url":"https:\/\/pinehaus.pl\/de\/haeuser\/modulare","og_site_name":"Pinehaus - tiny house, kleine, luxuri\u00f6se Mobilheime aus Holz","article_modified_time":"2022-09-14T20:52:39+00:00","twitter_card":"summary_large_image","twitter_misc":{"Gesch\u00e4tzte Lesezeit":"2 Minuten"},"schema":{"@context":"https:\/\/schema.org","@graph":[{"@type":"WebPage","@id":"https:\/\/pinehaus.pl\/de\/haeuser\/modulare","url":"https:\/\/pinehaus.pl\/de\/haeuser\/modulare","name":"Modulare - Pinehaus - tiny house, kleine, luxuri\u00f6se Mobilheime aus Holz","isPartOf":{"@id":"https:\/\/pinehaus.pl\/de#website"},"datePublished":"2022-08-06T08:52:24+00:00","dateModified":"2022-09-14T20:52:39+00:00","description":"Die Pinehaus-Modulh\u00e4user sind aus hochwertigem, zertifiziertem Holz gefertigt. Es sind luxuri\u00f6se R\u00e4ume, f\u00fcr die Anspruchsvollsten geschaffen.","breadcrumb":{"@id":"https:\/\/pinehaus.pl\/de\/haeuser\/modulare#breadcrumb"},"inLanguage":"de-DE","potentialAction":[{"@type":"ReadAction","target":["https:\/\/pinehaus.pl\/de\/haeuser\/modulare"]}]},{"@type":"BreadcrumbList","@id":"https:\/\/pinehaus.pl\/de\/haeuser\/modulare#breadcrumb","itemListElement":[{"@type":"ListItem","position":1,"name":"Home","item":"https:\/\/pinehaus.pl\/de"},{"@type":"ListItem","position":2,"name":"H\u00e4user","item":"https:\/\/pinehaus.pl\/de\/haeuser"},{"@type":"ListItem","position":3,"name":"Modulare"}]},{"@type":"WebSite","@id":"https:\/\/pinehaus.pl\/de#website","url":"https:\/\/pinehaus.pl\/de","name":"Pinehaus - tiny house, kleine, luxuri\u00f6se Mobilheime aus Holz","description":"W Pinehaus projektujemy i budujemy mobilne domy typu tiny house i drewniane domy modu\u0142owe z najlepszych materia\u0142&oacute;w. Ma\u0142e, luksusowe domy z drewna.","publisher":{"@id":"https:\/\/pinehaus.pl\/de#organization"},"potentialAction":[{"@type":"SearchAction","target":{"@type":"EntryPoint","urlTemplate":"https:\/\/pinehaus.pl\/de?s={search_term_string}"},"query-input":"required name=search_term_string"}],"inLanguage":"de-DE"},{"@type":"Organization","@id":"https:\/\/pinehaus.pl\/de#organization","name":"Pinehaus - tiny house, kleine, luxuri\u00f6se Mobilheime aus Holz","url":"https:\/\/pinehaus.pl\/de","logo":{"@type":"ImageObject","inLanguage":"de-DE","@id":"https:\/\/pinehaus.pl\/de#\/schema\/logo\/image\/","url":"https:\/\/pinehaus.pl\/wp-content\/uploads\/2022\/07\/Pinehaus@2x.png","contentUrl":"https:\/\/pinehaus.pl\/wp-content\/uploads\/2022\/07\/Pinehaus@2x.png","width":450,"height":242,"caption":"Pinehaus - tiny house, kleine, luxuri\u00f6se Mobilheime aus Holz"},"image":{"@id":"https:\/\/pinehaus.pl\/de#\/schema\/logo\/image\/"}}]}},"_links":{"self":[{"href":"https:\/\/pinehaus.pl\/de\/wp-json\/wp\/v2\/pages\/976"}],"collection":[{"href":"https:\/\/pinehaus.pl\/de\/wp-json\/wp\/v2\/pages"}],"about":[{"href":"https:\/\/pinehaus.pl\/de\/wp-json\/wp\/v2\/types\/page"}],"author":[{"embeddable":true,"href":"https:\/\/pinehaus.pl\/de\/wp-json\/wp\/v2\/users\/1"}],"replies":[{"embeddable":true,"href":"https:\/\/pinehaus.pl\/de\/wp-json\/wp\/v2\/comments?post=976"}],"version-history":[{"count":2,"href":"https:\/\/pinehaus.pl\/de\/wp-json\/wp\/v2\/pages\/976\/revisions"}],"predecessor-version":[{"id":1198,"href":"https:\/\/pinehaus.pl\/de\/wp-json\/wp\/v2\/pages\/976\/revisions\/1198"}],"up":[{"embeddable":true,"href":"https:\/\/pinehaus.pl\/de\/wp-json\/wp\/v2\/pages\/966"}],"wp:attachment":[{"href":"https:\/\/pinehaus.pl\/de\/wp-json\/wp\/v2\/media?parent=976"}],"curies":[{"name":"wp","href":"https:\/\/api.w.org\/{rel}","templated":true}]}}