{"id":986,"date":"2022-07-15T11:12:52","date_gmt":"2022-07-15T11:12:52","guid":{"rendered":"https:\/\/pinehaus.pl\/knowledge\/"},"modified":"2023-01-04T19:48:22","modified_gmt":"2023-01-04T19:48:22","slug":"knowledge","status":"publish","type":"page","link":"https:\/\/pinehaus.pl\/en\/knowledge","title":{"rendered":"Knowledge"},"content":{"rendered":"\t\t<div data-elementor-type=\"wp-page\" data-elementor-id=\"986\" class=\"elementor elementor-986 elementor-198\">\n\t\t\t\t\t\t\t\t\t<section class=\"elementor-section elementor-top-section elementor-element elementor-element-32e5da6 elementor-section-boxed elementor-section-height-default elementor-section-height-default\" data-id=\"32e5da6\" data-element_type=\"section\">\n\t\t\t\t\t\t<div class=\"elementor-container elementor-column-gap-default\">\n\t\t\t\t\t<div class=\"elementor-column elementor-col-100 elementor-top-column elementor-element elementor-element-9ca59ab\" data-id=\"9ca59ab\" data-element_type=\"column\">\n\t\t\t<div class=\"elementor-widget-wrap elementor-element-populated\">\n\t\t\t\t\t\t\t\t<div class=\"elementor-element elementor-element-ed3c2a8 elementor-widget elementor-widget-heading\" data-id=\"ed3c2a8\" data-element_type=\"widget\" data-widget_type=\"heading.default\">\n\t\t\t\t<div class=\"elementor-widget-container\">\n\t\t\t<style>\/*! elementor - v3.9.0 - 06-12-2022 *\/\n.elementor-heading-title{padding:0;margin:0;line-height:1}.elementor-widget-heading .elementor-heading-title[class*=elementor-size-]>a{color:inherit;font-size:inherit;line-height:inherit}.elementor-widget-heading .elementor-heading-title.elementor-size-small{font-size:15px}.elementor-widget-heading .elementor-heading-title.elementor-size-medium{font-size:19px}.elementor-widget-heading .elementor-heading-title.elementor-size-large{font-size:29px}.elementor-widget-heading .elementor-heading-title.elementor-size-xl{font-size:39px}.elementor-widget-heading .elementor-heading-title.elementor-size-xxl{font-size:59px}<\/style><h2 class=\"elementor-heading-title elementor-size-default\">What should you know about mobile homes?<\/h2>\t\t<\/div>\n\t\t\t\t<\/div>\n\t\t\t\t\t<\/div>\n\t\t<\/div>\n\t\t\t\t\t\t\t<\/div>\n\t\t<\/section>\n\t\t\t\t<section class=\"elementor-section elementor-top-section elementor-element elementor-element-143aa14 elementor-section-boxed elementor-section-height-default elementor-section-height-default\" data-id=\"143aa14\" data-element_type=\"section\">\n\t\t\t\t\t\t<div class=\"elementor-container elementor-column-gap-default\">\n\t\t\t\t\t<div class=\"elementor-column elementor-col-100 elementor-top-column elementor-element elementor-element-2488572\" data-id=\"2488572\" data-element_type=\"column\">\n\t\t\t<div class=\"elementor-widget-wrap elementor-element-populated\">\n\t\t\t\t\t\t\t\t<div class=\"elementor-element elementor-element-40f49ce elementor-grid-1 elementor-grid-tablet-1 elementor-grid-mobile-1 elementor-posts--thumbnail-top elementor-widget elementor-widget-posts\" data-id=\"40f49ce\" data-element_type=\"widget\" data-settings=\"{&quot;classic_columns&quot;:&quot;1&quot;,&quot;classic_row_gap&quot;:{&quot;unit&quot;:&quot;px&quot;,&quot;size&quot;:64,&quot;sizes&quot;:[]},&quot;classic_columns_tablet&quot;:&quot;1&quot;,&quot;classic_columns_mobile&quot;:&quot;1&quot;,&quot;classic_row_gap_tablet&quot;:{&quot;unit&quot;:&quot;px&quot;,&quot;size&quot;:&quot;&quot;,&quot;sizes&quot;:[]},&quot;classic_row_gap_mobile&quot;:{&quot;unit&quot;:&quot;px&quot;,&quot;size&quot;:&quot;&quot;,&quot;sizes&quot;:[]}}\" data-widget_type=\"posts.classic\">\n\t\t\t\t<div class=\"elementor-widget-container\">\n\t\t\t<link rel=\"stylesheet\" href=\"https:\/\/pinehaus.pl\/wp-content\/plugins\/elementor-pro\/assets\/css\/widget-posts.min.css\">\t\t<div class=\"elementor-posts-container elementor-posts elementor-posts--skin-classic elementor-grid\">\n\t\t\t\t<article class=\"elementor-post elementor-grid-item post-1234 post type-post status-publish format-standard has-post-thumbnail hentry category-uncategorized entry has-media\">\n\t\t\t\t<a class=\"elementor-post__thumbnail__link\" href=\"https:\/\/pinehaus.pl\/en\/wiedza\/mobile-home-rental-as-a-business-idea\" >\n\t\t\t<div class=\"elementor-post__thumbnail\"><img decoding=\"async\" width=\"2560\" height=\"1709\" src=\"https:\/\/pinehaus.pl\/wp-content\/uploads\/2022\/07\/pinehaus_tiny_house_10-scaled.webp\" class=\"attachment-full size-full wp-image-799\" alt=\"\" loading=\"lazy\" srcset=\"https:\/\/pinehaus.pl\/wp-content\/uploads\/2022\/07\/pinehaus_tiny_house_10-scaled.webp 2560w, https:\/\/pinehaus.pl\/wp-content\/uploads\/2022\/07\/pinehaus_tiny_house_10-300x200.webp 300w, https:\/\/pinehaus.pl\/wp-content\/uploads\/2022\/07\/pinehaus_tiny_house_10-1024x684.webp 1024w, https:\/\/pinehaus.pl\/wp-content\/uploads\/2022\/07\/pinehaus_tiny_house_10-768x513.webp 768w, https:\/\/pinehaus.pl\/wp-content\/uploads\/2022\/07\/pinehaus_tiny_house_10-1536x1025.webp 1536w, https:\/\/pinehaus.pl\/wp-content\/uploads\/2022\/07\/pinehaus_tiny_house_10-2048x1367.webp 2048w\" sizes=\"(max-width: 2560px) 100vw, 2560px\" \/><\/div>\n\t\t<\/a>\n\t\t\t\t<div class=\"elementor-post__text\">\n\t\t\t\t<h3 class=\"elementor-post__title\">\n\t\t\t<a href=\"https:\/\/pinehaus.pl\/en\/wiedza\/mobile-home-rental-as-a-business-idea\" >\n\t\t\t\tMobile home rental as a business idea\t\t\t<\/a>\n\t\t<\/h3>\n\t\t\t\t<div class=\"elementor-post__excerpt\">\n\t\t\t<p>Mobile homes originated from the idea of creating a small space that allows for comfortable recreation in a natural setting. So why not use them to make money by renting them to people who crave such recreation? It&#8217;s a great idea for a profitable business. Find out why.<\/p>\n\t\t<\/div>\n\t\t\n\t\t<a class=\"elementor-post__read-more\" href=\"https:\/\/pinehaus.pl\/en\/wiedza\/mobile-home-rental-as-a-business-idea\" >\n\t\t\tREAD MORE \u00bb\t\t<\/a>\n\n\t\t\t\t<\/div>\n\t\t\t\t<\/article>\n\t\t\t\t<article class=\"elementor-post elementor-grid-item post-1226 post type-post status-publish format-standard has-post-thumbnail hentry category-uncategorized entry has-media\">\n\t\t\t\t<a class=\"elementor-post__thumbnail__link\" href=\"https:\/\/pinehaus.pl\/en\/wiedza\/pros-and-cons-of-a-mobile-home-what-should-you-pay-attention-to\" >\n\t\t\t<div class=\"elementor-post__thumbnail\"><img decoding=\"async\" width=\"2560\" height=\"1709\" src=\"https:\/\/pinehaus.pl\/wp-content\/uploads\/2022\/09\/pinehaus_tiny_house_14-scaled.webp\" class=\"attachment-full size-full wp-image-1053\" alt=\"\" loading=\"lazy\" srcset=\"https:\/\/pinehaus.pl\/wp-content\/uploads\/2022\/09\/pinehaus_tiny_house_14-scaled.webp 2560w, https:\/\/pinehaus.pl\/wp-content\/uploads\/2022\/09\/pinehaus_tiny_house_14-300x200.webp 300w, https:\/\/pinehaus.pl\/wp-content\/uploads\/2022\/09\/pinehaus_tiny_house_14-1024x683.webp 1024w, https:\/\/pinehaus.pl\/wp-content\/uploads\/2022\/09\/pinehaus_tiny_house_14-768x513.webp 768w, https:\/\/pinehaus.pl\/wp-content\/uploads\/2022\/09\/pinehaus_tiny_house_14-1536x1025.webp 1536w, https:\/\/pinehaus.pl\/wp-content\/uploads\/2022\/09\/pinehaus_tiny_house_14-2048x1367.webp 2048w\" sizes=\"(max-width: 2560px) 100vw, 2560px\" \/><\/div>\n\t\t<\/a>\n\t\t\t\t<div class=\"elementor-post__text\">\n\t\t\t\t<h3 class=\"elementor-post__title\">\n\t\t\t<a href=\"https:\/\/pinehaus.pl\/en\/wiedza\/pros-and-cons-of-a-mobile-home-what-should-you-pay-attention-to\" >\n\t\t\t\tPros and cons of a mobile home &#8211; what should you pay attention to?\t\t\t<\/a>\n\t\t<\/h3>\n\t\t\t\t<div class=\"elementor-post__excerpt\">\n\t\t\t<p>You do not need a building permit to build a mobile home. Such a structure is not permanently attached to the land and does not require the submission of a construction design to the authorities, nor the involvement of engineers. All you need to do is to report your intention to the District Office.<\/p>\n\t\t<\/div>\n\t\t\n\t\t<a class=\"elementor-post__read-more\" href=\"https:\/\/pinehaus.pl\/en\/wiedza\/pros-and-cons-of-a-mobile-home-what-should-you-pay-attention-to\" >\n\t\t\tREAD MORE \u00bb\t\t<\/a>\n\n\t\t\t\t<\/div>\n\t\t\t\t<\/article>\n\t\t\t\t<article class=\"elementor-post elementor-grid-item post-1224 post type-post status-publish format-standard has-post-thumbnail hentry category-uncategorized entry has-media\">\n\t\t\t\t<a class=\"elementor-post__thumbnail__link\" href=\"https:\/\/pinehaus.pl\/en\/wiedza\/how-can-the-furnishing-of-a-mobile-home-look-like\" >\n\t\t\t<div class=\"elementor-post__thumbnail\"><img decoding=\"async\" width=\"2560\" height=\"1709\" src=\"https:\/\/pinehaus.pl\/wp-content\/uploads\/2022\/07\/pinehaus_tiny_house_08-scaled.webp\" class=\"attachment-full size-full wp-image-797\" alt=\"\" loading=\"lazy\" srcset=\"https:\/\/pinehaus.pl\/wp-content\/uploads\/2022\/07\/pinehaus_tiny_house_08-scaled.webp 2560w, https:\/\/pinehaus.pl\/wp-content\/uploads\/2022\/07\/pinehaus_tiny_house_08-300x200.webp 300w, https:\/\/pinehaus.pl\/wp-content\/uploads\/2022\/07\/pinehaus_tiny_house_08-1024x684.webp 1024w, https:\/\/pinehaus.pl\/wp-content\/uploads\/2022\/07\/pinehaus_tiny_house_08-768x513.webp 768w, https:\/\/pinehaus.pl\/wp-content\/uploads\/2022\/07\/pinehaus_tiny_house_08-1536x1025.webp 1536w, https:\/\/pinehaus.pl\/wp-content\/uploads\/2022\/07\/pinehaus_tiny_house_08-2048x1367.webp 2048w\" sizes=\"(max-width: 2560px) 100vw, 2560px\" \/><\/div>\n\t\t<\/a>\n\t\t\t\t<div class=\"elementor-post__text\">\n\t\t\t\t<h3 class=\"elementor-post__title\">\n\t\t\t<a href=\"https:\/\/pinehaus.pl\/en\/wiedza\/how-can-the-furnishing-of-a-mobile-home-look-like\" >\n\t\t\t\tHow can the furnishing of a mobile home look like?\t\t\t<\/a>\n\t\t<\/h3>\n\t\t\t\t<div class=\"elementor-post__excerpt\">\n\t\t\t<p>Mobile home furnishing can include kitchen annex, bathroom, bedroom and a living room. The size and number of rooms depends on its available space, but you can arrange different areas which can address your needs and make the interior very functional. Are you wondering how large a home can be and how it can be furnished?<\/p>\n\t\t<\/div>\n\t\t\n\t\t<a class=\"elementor-post__read-more\" href=\"https:\/\/pinehaus.pl\/en\/wiedza\/how-can-the-furnishing-of-a-mobile-home-look-like\" >\n\t\t\tREAD MORE \u00bb\t\t<\/a>\n\n\t\t\t\t<\/div>\n\t\t\t\t<\/article>\n\t\t\t\t<article class=\"elementor-post elementor-grid-item post-1222 post type-post status-publish format-standard has-post-thumbnail hentry category-uncategorized entry has-media\">\n\t\t\t\t<a class=\"elementor-post__thumbnail__link\" href=\"https:\/\/pinehaus.pl\/en\/wiedza\/where-can-you-build-a-mobile-home\" >\n\t\t\t<div class=\"elementor-post__thumbnail\"><img decoding=\"async\" width=\"2560\" height=\"1709\" src=\"https:\/\/pinehaus.pl\/wp-content\/uploads\/2022\/07\/pinehaus_tiny_house_11-scaled.webp\" class=\"attachment-full size-full wp-image-813\" alt=\"\" loading=\"lazy\" srcset=\"https:\/\/pinehaus.pl\/wp-content\/uploads\/2022\/07\/pinehaus_tiny_house_11-scaled.webp 2560w, https:\/\/pinehaus.pl\/wp-content\/uploads\/2022\/07\/pinehaus_tiny_house_11-300x200.webp 300w, https:\/\/pinehaus.pl\/wp-content\/uploads\/2022\/07\/pinehaus_tiny_house_11-1024x684.webp 1024w, https:\/\/pinehaus.pl\/wp-content\/uploads\/2022\/07\/pinehaus_tiny_house_11-768x513.webp 768w, https:\/\/pinehaus.pl\/wp-content\/uploads\/2022\/07\/pinehaus_tiny_house_11-1536x1026.webp 1536w, https:\/\/pinehaus.pl\/wp-content\/uploads\/2022\/07\/pinehaus_tiny_house_11-2048x1367.webp 2048w\" sizes=\"(max-width: 2560px) 100vw, 2560px\" \/><\/div>\n\t\t<\/a>\n\t\t\t\t<div class=\"elementor-post__text\">\n\t\t\t\t<h3 class=\"elementor-post__title\">\n\t\t\t<a href=\"https:\/\/pinehaus.pl\/en\/wiedza\/where-can-you-build-a-mobile-home\" >\n\t\t\t\tWhere can you build a mobile home?\t\t\t<\/a>\n\t\t<\/h3>\n\t\t\t\t<div class=\"elementor-post__excerpt\">\n\t\t\t<p>Where can a mobile home be built? What about a building permit? How should the plot of land be adapted? How can you use such a home? What does building law have to say about it? Can a house on wheels stand in one place all year round? You will find the answers in this article.<\/p>\n\t\t<\/div>\n\t\t\n\t\t<a class=\"elementor-post__read-more\" href=\"https:\/\/pinehaus.pl\/en\/wiedza\/where-can-you-build-a-mobile-home\" >\n\t\t\tREAD MORE \u00bb\t\t<\/a>\n\n\t\t\t\t<\/div>\n\t\t\t\t<\/article>\n\t\t\t\t<\/div>\n\t\t\n\t\t\t\t<\/div>\n\t\t\t\t<\/div>\n\t\t\t\t\t<\/div>\n\t\t<\/div>\n\t\t\t\t\t\t\t<\/div>\n\t\t<\/section>\n\t\t\t\t<section class=\"elementor-section elementor-top-section elementor-element elementor-element-0c0150e elementor-section-boxed elementor-section-height-default elementor-section-height-default\" data-id=\"0c0150e\" data-element_type=\"section\">\n\t\t\t\t\t\t<div class=\"elementor-container elementor-column-gap-default\">\n\t\t\t\t\t<div class=\"elementor-column elementor-col-100 elementor-top-column elementor-element elementor-element-cdc18d2\" data-id=\"cdc18d2\" data-element_type=\"column\">\n\t\t\t<div class=\"elementor-widget-wrap elementor-element-populated\">\n\t\t\t\t\t\t\t\t<div class=\"elementor-element elementor-element-24aed3c elementor-widget elementor-widget-image\" data-id=\"24aed3c\" data-element_type=\"widget\" data-widget_type=\"image.default\">\n\t\t\t\t<div class=\"elementor-widget-container\">\n\t\t\t<style>\/*! elementor - v3.9.0 - 06-12-2022 *\/\n.elementor-widget-image{text-align:center}.elementor-widget-image a{display:inline-block}.elementor-widget-image a img[src$=\".svg\"]{width:48px}.elementor-widget-image img{vertical-align:middle;display:inline-block}<\/style>\t\t\t\t\t\t\t\t\t\t\t\t<img decoding=\"async\" width=\"1024\" height=\"512\" src=\"https:\/\/pinehaus.pl\/wp-content\/uploads\/2022\/09\/Domek-mobilny-nad-jeziorem-1024x512.webp\" class=\"attachment-large size-large wp-image-832\" alt=\"\" loading=\"lazy\" srcset=\"https:\/\/pinehaus.pl\/wp-content\/uploads\/2022\/09\/Domek-mobilny-nad-jeziorem-1024x512.webp 1024w, https:\/\/pinehaus.pl\/wp-content\/uploads\/2022\/09\/Domek-mobilny-nad-jeziorem-300x150.webp 300w, https:\/\/pinehaus.pl\/wp-content\/uploads\/2022\/09\/Domek-mobilny-nad-jeziorem-768x384.webp 768w, https:\/\/pinehaus.pl\/wp-content\/uploads\/2022\/09\/Domek-mobilny-nad-jeziorem-1536x768.webp 1536w, https:\/\/pinehaus.pl\/wp-content\/uploads\/2022\/09\/Domek-mobilny-nad-jeziorem.webp 1575w\" sizes=\"(max-width: 1024px) 100vw, 1024px\" \/>\t\t\t\t\t\t\t\t\t\t\t\t\t\t\t<\/div>\n\t\t\t\t<\/div>\n\t\t\t\t\t<\/div>\n\t\t<\/div>\n\t\t\t\t\t\t\t<\/div>\n\t\t<\/section>\n\t\t\t\t\t\t\t<\/div>\n\t\t","protected":false},"excerpt":{"rendered":"<p>What should you know about mobile homes?<\/p>\n","protected":false},"author":1,"featured_media":0,"parent":0,"menu_order":0,"comment_status":"closed","ping_status":"closed","template":"","meta":{"content-type":""},"yoast_head":"<!-- This site is optimized with the Yoast SEO plugin v19.11 - https:\/\/yoast.com\/wordpress\/plugins\/seo\/ -->\n<title>Knowledge - Pinehaus - tiny house, small, luxury mobile wood houses<\/title>\n<meta name=\"robots\" content=\"index, follow, max-snippet:-1, max-image-preview:large, max-video-preview:-1\" \/>\n<link rel=\"canonical\" href=\"https:\/\/pinehaus.pl\/en\/knowledge\" \/>\n<meta property=\"og:locale\" content=\"en_US\" \/>\n<meta property=\"og:type\" content=\"article\" \/>\n<meta property=\"og:title\" content=\"Knowledge - Pinehaus - tiny house, small, luxury mobile wood houses\" \/>\n<meta property=\"og:description\" content=\"What should you know about mobile homes?\" \/>\n<meta property=\"og:url\" content=\"https:\/\/pinehaus.pl\/en\/knowledge\" \/>\n<meta property=\"og:site_name\" content=\"Pinehaus - tiny house, small, luxury mobile wood houses\" \/>\n<meta property=\"article:modified_time\" content=\"2023-01-04T19:48:22+00:00\" \/>\n<meta property=\"og:image\" content=\"https:\/\/pinehaus.pl\/wp-content\/uploads\/2022\/09\/Domek-mobilny-nad-jeziorem-1024x512.webp\" \/>\n<meta name=\"twitter:card\" content=\"summary_large_image\" \/>\n<script type=\"application\/ld+json\" class=\"yoast-schema-graph\">{\"@context\":\"https:\/\/schema.org\",\"@graph\":[{\"@type\":\"WebPage\",\"@id\":\"https:\/\/pinehaus.pl\/en\/knowledge\",\"url\":\"https:\/\/pinehaus.pl\/en\/knowledge\",\"name\":\"Knowledge - Pinehaus - tiny house, small, luxury mobile wood houses\",\"isPartOf\":{\"@id\":\"https:\/\/pinehaus.pl\/en\/#website\"},\"datePublished\":\"2022-07-15T11:12:52+00:00\",\"dateModified\":\"2023-01-04T19:48:22+00:00\",\"breadcrumb\":{\"@id\":\"https:\/\/pinehaus.pl\/en\/knowledge#breadcrumb\"},\"inLanguage\":\"en-US\",\"potentialAction\":[{\"@type\":\"ReadAction\",\"target\":[\"https:\/\/pinehaus.pl\/en\/knowledge\"]}]},{\"@type\":\"BreadcrumbList\",\"@id\":\"https:\/\/pinehaus.pl\/en\/knowledge#breadcrumb\",\"itemListElement\":[{\"@type\":\"ListItem\",\"position\":1,\"name\":\"Home\",\"item\":\"https:\/\/pinehaus.pl\/en\"},{\"@type\":\"ListItem\",\"position\":2,\"name\":\"Knowledge\"}]},{\"@type\":\"WebSite\",\"@id\":\"https:\/\/pinehaus.pl\/en\/#website\",\"url\":\"https:\/\/pinehaus.pl\/en\/\",\"name\":\"Pinehaus - tiny house, small, luxury mobile wood houses\",\"description\":\"W Pinehaus projektujemy i budujemy mobilne domy typu tiny house i drewniane domy modu\u0142owe z najlepszych materia\u0142&oacute;w. Ma\u0142e, luksusowe domy z drewna.\",\"publisher\":{\"@id\":\"https:\/\/pinehaus.pl\/en\/#organization\"},\"potentialAction\":[{\"@type\":\"SearchAction\",\"target\":{\"@type\":\"EntryPoint\",\"urlTemplate\":\"https:\/\/pinehaus.pl\/en\/?s={search_term_string}\"},\"query-input\":\"required name=search_term_string\"}],\"inLanguage\":\"en-US\"},{\"@type\":\"Organization\",\"@id\":\"https:\/\/pinehaus.pl\/en\/#organization\",\"name\":\"Pinehaus - tiny house, small, luxury mobile wood houses\",\"url\":\"https:\/\/pinehaus.pl\/en\/\",\"logo\":{\"@type\":\"ImageObject\",\"inLanguage\":\"en-US\",\"@id\":\"https:\/\/pinehaus.pl\/en\/#\/schema\/logo\/image\/\",\"url\":\"https:\/\/pinehaus.pl\/wp-content\/uploads\/2022\/07\/Pinehaus@2x.png\",\"contentUrl\":\"https:\/\/pinehaus.pl\/wp-content\/uploads\/2022\/07\/Pinehaus@2x.png\",\"width\":450,\"height\":242,\"caption\":\"Pinehaus - tiny house, small, luxury mobile wood houses\"},\"image\":{\"@id\":\"https:\/\/pinehaus.pl\/en\/#\/schema\/logo\/image\/\"}}]}<\/script>\n<!-- \/ Yoast SEO plugin. -->","yoast_head_json":{"title":"Knowledge - Pinehaus - tiny house, small, luxury mobile wood houses","robots":{"index":"index","follow":"follow","max-snippet":"max-snippet:-1","max-image-preview":"max-image-preview:large","max-video-preview":"max-video-preview:-1"},"canonical":"https:\/\/pinehaus.pl\/en\/knowledge","og_locale":"en_US","og_type":"article","og_title":"Knowledge - Pinehaus - tiny house, small, luxury mobile wood houses","og_description":"What should you know about mobile homes?","og_url":"https:\/\/pinehaus.pl\/en\/knowledge","og_site_name":"Pinehaus - tiny house, small, luxury mobile wood houses","article_modified_time":"2023-01-04T19:48:22+00:00","og_image":[{"url":"https:\/\/pinehaus.pl\/wp-content\/uploads\/2022\/09\/Domek-mobilny-nad-jeziorem-1024x512.webp"}],"twitter_card":"summary_large_image","schema":{"@context":"https:\/\/schema.org","@graph":[{"@type":"WebPage","@id":"https:\/\/pinehaus.pl\/en\/knowledge","url":"https:\/\/pinehaus.pl\/en\/knowledge","name":"Knowledge - Pinehaus - tiny house, small, luxury mobile wood houses","isPartOf":{"@id":"https:\/\/pinehaus.pl\/en\/#website"},"datePublished":"2022-07-15T11:12:52+00:00","dateModified":"2023-01-04T19:48:22+00:00","breadcrumb":{"@id":"https:\/\/pinehaus.pl\/en\/knowledge#breadcrumb"},"inLanguage":"en-US","potentialAction":[{"@type":"ReadAction","target":["https:\/\/pinehaus.pl\/en\/knowledge"]}]},{"@type":"BreadcrumbList","@id":"https:\/\/pinehaus.pl\/en\/knowledge#breadcrumb","itemListElement":[{"@type":"ListItem","position":1,"name":"Home","item":"https:\/\/pinehaus.pl\/en"},{"@type":"ListItem","position":2,"name":"Knowledge"}]},{"@type":"WebSite","@id":"https:\/\/pinehaus.pl\/en\/#website","url":"https:\/\/pinehaus.pl\/en\/","name":"Pinehaus - tiny house, small, luxury mobile wood houses","description":"W Pinehaus projektujemy i budujemy mobilne domy typu tiny house i drewniane domy modu\u0142owe z najlepszych materia\u0142&oacute;w. Ma\u0142e, luksusowe domy z drewna.","publisher":{"@id":"https:\/\/pinehaus.pl\/en\/#organization"},"potentialAction":[{"@type":"SearchAction","target":{"@type":"EntryPoint","urlTemplate":"https:\/\/pinehaus.pl\/en\/?s={search_term_string}"},"query-input":"required name=search_term_string"}],"inLanguage":"en-US"},{"@type":"Organization","@id":"https:\/\/pinehaus.pl\/en\/#organization","name":"Pinehaus - tiny house, small, luxury mobile wood houses","url":"https:\/\/pinehaus.pl\/en\/","logo":{"@type":"ImageObject","inLanguage":"en-US","@id":"https:\/\/pinehaus.pl\/en\/#\/schema\/logo\/image\/","url":"https:\/\/pinehaus.pl\/wp-content\/uploads\/2022\/07\/Pinehaus@2x.png","contentUrl":"https:\/\/pinehaus.pl\/wp-content\/uploads\/2022\/07\/Pinehaus@2x.png","width":450,"height":242,"caption":"Pinehaus - tiny house, small, luxury mobile wood houses"},"image":{"@id":"https:\/\/pinehaus.pl\/en\/#\/schema\/logo\/image\/"}}]}},"_links":{"self":[{"href":"https:\/\/pinehaus.pl\/en\/wp-json\/wp\/v2\/pages\/986"}],"collection":[{"href":"https:\/\/pinehaus.pl\/en\/wp-json\/wp\/v2\/pages"}],"about":[{"href":"https:\/\/pinehaus.pl\/en\/wp-json\/wp\/v2\/types\/page"}],"author":[{"embeddable":true,"href":"https:\/\/pinehaus.pl\/en\/wp-json\/wp\/v2\/users\/1"}],"replies":[{"embeddable":true,"href":"https:\/\/pinehaus.pl\/en\/wp-json\/wp\/v2\/comments?post=986"}],"version-history":[{"count":6,"href":"https:\/\/pinehaus.pl\/en\/wp-json\/wp\/v2\/pages\/986\/revisions"}],"predecessor-version":[{"id":1321,"href":"https:\/\/pinehaus.pl\/en\/wp-json\/wp\/v2\/pages\/986\/revisions\/1321"}],"wp:attachment":[{"href":"https:\/\/pinehaus.pl\/en\/wp-json\/wp\/v2\/media?parent=986"}],"curies":[{"name":"wp","href":"https:\/\/api.w.org\/{rel}","templated":true}]}}