{"id":992,"date":"2022-08-06T08:36:56","date_gmt":"2022-08-06T08:36:56","guid":{"rendered":"https:\/\/pinehaus.pl\/houses\/tiny-house\/"},"modified":"2022-09-14T20:52:38","modified_gmt":"2022-09-14T20:52:38","slug":"tiny-house","status":"publish","type":"page","link":"https:\/\/pinehaus.pl\/en\/houses\/tiny-house","title":{"rendered":"Tiny house"},"content":{"rendered":"\t\t<div data-elementor-type=\"wp-page\" data-elementor-id=\"992\" class=\"elementor elementor-992 elementor-458\">\n\t\t\t\t\t\t\t\t\t<section class=\"elementor-section elementor-top-section elementor-element elementor-element-2aed1f9 elementor-section-boxed elementor-section-height-default elementor-section-height-default\" data-id=\"2aed1f9\" data-element_type=\"section\">\n\t\t\t\t\t\t<div class=\"elementor-container elementor-column-gap-default\">\n\t\t\t\t\t<div class=\"elementor-column elementor-col-100 elementor-top-column elementor-element elementor-element-289d296\" data-id=\"289d296\" data-element_type=\"column\">\n\t\t\t<div class=\"elementor-widget-wrap elementor-element-populated\">\n\t\t\t\t\t\t\t\t<div class=\"elementor-element elementor-element-594c6ab elementor-widget elementor-widget-heading\" data-id=\"594c6ab\" data-element_type=\"widget\" data-widget_type=\"heading.default\">\n\t\t\t\t<div class=\"elementor-widget-container\">\n\t\t\t<style>\/*! elementor - v3.9.0 - 06-12-2022 *\/\n.elementor-heading-title{padding:0;margin:0;line-height:1}.elementor-widget-heading .elementor-heading-title[class*=elementor-size-]>a{color:inherit;font-size:inherit;line-height:inherit}.elementor-widget-heading .elementor-heading-title.elementor-size-small{font-size:15px}.elementor-widget-heading .elementor-heading-title.elementor-size-medium{font-size:19px}.elementor-widget-heading .elementor-heading-title.elementor-size-large{font-size:29px}.elementor-widget-heading .elementor-heading-title.elementor-size-xl{font-size:39px}.elementor-widget-heading .elementor-heading-title.elementor-size-xxl{font-size:59px}<\/style><h2 class=\"elementor-heading-title elementor-size-default\">Tiny house<\/h2>\t\t<\/div>\n\t\t\t\t<\/div>\n\t\t\t\t<div class=\"elementor-element elementor-element-0a9b63f elementor-widget elementor-widget-text-editor\" data-id=\"0a9b63f\" data-element_type=\"widget\" data-widget_type=\"text-editor.default\">\n\t\t\t\t<div class=\"elementor-widget-container\">\n\t\t\t<style>\/*! elementor - v3.9.0 - 06-12-2022 *\/\n.elementor-widget-text-editor.elementor-drop-cap-view-stacked .elementor-drop-cap{background-color:#818a91;color:#fff}.elementor-widget-text-editor.elementor-drop-cap-view-framed .elementor-drop-cap{color:#818a91;border:3px solid;background-color:transparent}.elementor-widget-text-editor:not(.elementor-drop-cap-view-default) .elementor-drop-cap{margin-top:8px}.elementor-widget-text-editor:not(.elementor-drop-cap-view-default) .elementor-drop-cap-letter{width:1em;height:1em}.elementor-widget-text-editor .elementor-drop-cap{float:left;text-align:center;line-height:1;font-size:50px}.elementor-widget-text-editor .elementor-drop-cap-letter{display:inline-block}<\/style>\t\t\t\t<p>A mobile home of up to 35 m2, often covering a surface area of just a dozen or so meters, set on wheels &#8211; that is the Tiny House. Such a house offers a small living space where you can relax, work, or simply escape everyday life.<\/p>\n<p>\u00a0<\/p>\n<p>At Pinehaus, we build such houses using the highest quality wood. We set them on a chassis that allows you to travel with them. The Tiny House mobile home is perfect for leisure, and it can be placed almost anywhere.<\/p>\n\t\t\t\t\t\t<\/div>\n\t\t\t\t<\/div>\n\t\t\t\t\t<\/div>\n\t\t<\/div>\n\t\t\t\t\t\t\t<\/div>\n\t\t<\/section>\n\t\t\t\t<section class=\"elementor-section elementor-top-section elementor-element elementor-element-73363c9 elementor-section-boxed elementor-section-height-default elementor-section-height-default\" data-id=\"73363c9\" data-element_type=\"section\" data-settings=\"{&quot;background_background&quot;:&quot;classic&quot;}\">\n\t\t\t\t\t\t<div class=\"elementor-container elementor-column-gap-default\">\n\t\t\t\t\t<div class=\"elementor-column elementor-col-100 elementor-top-column elementor-element elementor-element-9877ee5\" data-id=\"9877ee5\" data-element_type=\"column\">\n\t\t\t<div class=\"elementor-widget-wrap elementor-element-populated\">\n\t\t\t\t\t\t\t\t<div class=\"elementor-element elementor-element-ecc2d00 elementor-widget elementor-widget-heading\" data-id=\"ecc2d00\" data-element_type=\"widget\" data-widget_type=\"heading.default\">\n\t\t\t\t<div class=\"elementor-widget-container\">\n\t\t\t<h2 class=\"elementor-heading-title elementor-size-default\">What is Tiny House?<\/h2>\t\t<\/div>\n\t\t\t\t<\/div>\n\t\t\t\t\t<\/div>\n\t\t<\/div>\n\t\t\t\t\t\t\t<\/div>\n\t\t<\/section>\n\t\t\t\t<section class=\"elementor-section elementor-top-section elementor-element elementor-element-f1cccd8 elementor-section-boxed elementor-section-height-default elementor-section-height-default\" data-id=\"f1cccd8\" data-element_type=\"section\" data-settings=\"{&quot;background_background&quot;:&quot;classic&quot;}\">\n\t\t\t\t\t\t<div class=\"elementor-container elementor-column-gap-default\">\n\t\t\t\t\t<div class=\"elementor-column elementor-col-100 elementor-top-column elementor-element elementor-element-eb9d884\" data-id=\"eb9d884\" data-element_type=\"column\">\n\t\t\t<div class=\"elementor-widget-wrap elementor-element-populated\">\n\t\t\t\t\t\t\t\t<div class=\"elementor-element elementor-element-84ccafe elementor-widget elementor-widget-text-editor\" data-id=\"84ccafe\" data-element_type=\"widget\" data-widget_type=\"text-editor.default\">\n\t\t\t\t<div class=\"elementor-widget-container\">\n\t\t\t\t\t\t\t<p>Tiny houses on wheels are an idea that has its roots in the United States. However, they become more and more popular in Europe with each day. Designed and built to be easily movable, they resemble traditional houses in their shape. Built using standard techniques, they include all necessary systems. Therefore, it is possible to separate a living room, bedroom, and kitchen, as well as a bathroom with a toilet.<\/p>\n\t\t\t\t\t\t<\/div>\n\t\t\t\t<\/div>\n\t\t\t\t\t<\/div>\n\t\t<\/div>\n\t\t\t\t\t\t\t<\/div>\n\t\t<\/section>\n\t\t\t\t<section class=\"elementor-section elementor-top-section elementor-element elementor-element-316b309 elementor-section-boxed elementor-section-height-default elementor-section-height-default\" data-id=\"316b309\" data-element_type=\"section\">\n\t\t\t\t\t\t<div class=\"elementor-container elementor-column-gap-default\">\n\t\t\t\t\t<div class=\"elementor-column elementor-col-100 elementor-top-column elementor-element elementor-element-4c37405\" data-id=\"4c37405\" data-element_type=\"column\">\n\t\t\t<div class=\"elementor-widget-wrap elementor-element-populated\">\n\t\t\t\t\t\t\t\t<div class=\"elementor-element elementor-element-3a45c88 elementor-widget elementor-widget-heading\" data-id=\"3a45c88\" data-element_type=\"widget\" data-widget_type=\"heading.default\">\n\t\t\t\t<div class=\"elementor-widget-container\">\n\t\t\t<h2 class=\"elementor-heading-title elementor-size-default\">Tiny house - minimum space, maximum comfort <\/h2>\t\t<\/div>\n\t\t\t\t<\/div>\n\t\t\t\t\t<\/div>\n\t\t<\/div>\n\t\t\t\t\t\t\t<\/div>\n\t\t<\/section>\n\t\t\t\t<section class=\"elementor-section elementor-top-section elementor-element elementor-element-674e509 elementor-section-boxed elementor-section-height-default elementor-section-height-default\" data-id=\"674e509\" data-element_type=\"section\">\n\t\t\t\t\t\t<div class=\"elementor-container elementor-column-gap-default\">\n\t\t\t\t\t<div class=\"elementor-column elementor-col-100 elementor-top-column elementor-element elementor-element-2a93fcd\" data-id=\"2a93fcd\" data-element_type=\"column\">\n\t\t\t<div class=\"elementor-widget-wrap elementor-element-populated\">\n\t\t\t\t\t\t\t\t<div class=\"elementor-element elementor-element-b9b417e elementor-widget elementor-widget-text-editor\" data-id=\"b9b417e\" data-element_type=\"widget\" data-widget_type=\"text-editor.default\">\n\t\t\t\t<div class=\"elementor-widget-container\">\n\t\t\t\t\t\t\t<p>The Tiny House represents the mobile home of choice for those dreaming of a small home. For many of them, this minimalism and nomadic lifestyle signify the ideas they follow. There is even talk of a tiny house movement &#8211; a social movement where people consciously live in small spaces. They are abandoning consumerism, replacing it with simplicity, and choosing this frugal and independent lifestyle. However, the Tiny House mobile home is also the perfect space for those who only need a change from time to time.<\/p>\n<p>The Tiny House is a completely self-contained mobile home. Its design includes all necessary and convenient systems &#8211; both hydraulics and electricity. Thanks to this, it offers access to running water and electricity. That is why you don&#8217;t have to give up on comfort when moving from home to a Tiny House for some time.<\/p>\n<p> Standard tiny houses offer the space of a dozen or so meters, and a maximum of 35 m2. It is not a spacious interior, but the dedicated solutions make it very comfortable. It is possible to separate a bedroom, kitchen, or bathroom in such a small space.<\/p>\n\t\t\t\t\t\t<\/div>\n\t\t\t\t<\/div>\n\t\t\t\t\t<\/div>\n\t\t<\/div>\n\t\t\t\t\t\t\t<\/div>\n\t\t<\/section>\n\t\t\t\t<section class=\"elementor-section elementor-top-section elementor-element elementor-element-8346d82 elementor-section-boxed elementor-section-height-default elementor-section-height-default\" data-id=\"8346d82\" data-element_type=\"section\">\n\t\t\t\t\t\t<div class=\"elementor-container elementor-column-gap-default\">\n\t\t\t\t\t<div class=\"elementor-column elementor-col-100 elementor-top-column elementor-element elementor-element-62ed1d7\" data-id=\"62ed1d7\" data-element_type=\"column\">\n\t\t\t<div class=\"elementor-widget-wrap elementor-element-populated\">\n\t\t\t\t\t\t\t\t<div class=\"elementor-element elementor-element-960f58e elementor-widget elementor-widget-heading\" data-id=\"960f58e\" data-element_type=\"widget\" data-widget_type=\"heading.default\">\n\t\t\t\t<div class=\"elementor-widget-container\">\n\t\t\t<h2 class=\"elementor-heading-title elementor-size-default\">Advantages of a Tiny House<\/h2>\t\t<\/div>\n\t\t\t\t<\/div>\n\t\t\t\t\t<\/div>\n\t\t<\/div>\n\t\t\t\t\t\t\t<\/div>\n\t\t<\/section>\n\t\t\t\t<section class=\"elementor-section elementor-top-section elementor-element elementor-element-f4a9289 elementor-section-boxed elementor-section-height-default elementor-section-height-default\" data-id=\"f4a9289\" data-element_type=\"section\">\n\t\t\t\t\t\t<div class=\"elementor-container elementor-column-gap-default\">\n\t\t\t\t\t<div class=\"elementor-column elementor-col-100 elementor-top-column elementor-element elementor-element-7c7ecfe\" data-id=\"7c7ecfe\" data-element_type=\"column\">\n\t\t\t<div class=\"elementor-widget-wrap elementor-element-populated\">\n\t\t\t\t\t\t\t\t<div class=\"elementor-element elementor-element-9759aa3 elementor-widget elementor-widget-text-editor\" data-id=\"9759aa3\" data-element_type=\"widget\" data-widget_type=\"text-editor.default\">\n\t\t\t\t<div class=\"elementor-widget-container\">\n\t\t\t\t\t\t\t<p>A mobile Tiny House includes numerous advantages. First, it is a building that can be set virtually anywhere. Moreover, you can easily transport it to a given plot. A mobile house on wheels is a solution favoured by many who wish to move freely. What are the other advantages of a Tiny House?<\/p>\n<ul>\n<li>It doesn&#8217;t take up a lot of space. Thanks to this, we save space for the remaining infrastructure.<\/li>\n<li>It is mobile. Thanks to its trailer positioning and compact size, it can be driven on Polish roads. <\/li>\n<li> It includes a multifunctional interior. The ability to arrange the space to correspond with all the rooms of a standard house is very convenient.<\/li>\n<li>Thanks to the included systems and proper insulation, it can be used all year round.<\/li>\n<\/ul>\n\t\t\t\t\t\t<\/div>\n\t\t\t\t<\/div>\n\t\t\t\t\t<\/div>\n\t\t<\/div>\n\t\t\t\t\t\t\t<\/div>\n\t\t<\/section>\n\t\t\t\t\t\t\t<\/div>\n\t\t","protected":false},"excerpt":{"rendered":"<p>Tiny house A mobile home of up to 35 m2, often covering a surface area of just a dozen or so meters, set on wheels &#8211; that is the Tiny House. Such a house offers a small living space where you can relax, work, or simply escape everyday life. \u00a0 At Pinehaus, we build such [&hellip;]<\/p>\n","protected":false},"author":1,"featured_media":0,"parent":984,"menu_order":0,"comment_status":"closed","ping_status":"closed","template":"","meta":{"content-type":""},"yoast_head":"<!-- This site is optimized with the Yoast SEO plugin v19.11 - https:\/\/yoast.com\/wordpress\/plugins\/seo\/ -->\n<title>Tiny house - Pinehaus - tiny house, small, luxury mobile wood houses<\/title>\n<meta name=\"description\" content=\"Tiny Houses are small and luxurious houses on wheels, made for relaxation. At Pinehaus, we build them from certified wood. Would you like to own a house like this?\" \/>\n<meta name=\"robots\" content=\"index, follow, max-snippet:-1, max-image-preview:large, max-video-preview:-1\" \/>\n<link rel=\"canonical\" href=\"https:\/\/pinehaus.pl\/en\/houses\/tiny-house\" \/>\n<meta property=\"og:locale\" content=\"en_US\" \/>\n<meta property=\"og:type\" content=\"article\" \/>\n<meta property=\"og:title\" content=\"Tiny house - Pinehaus - tiny house, small, luxury mobile wood houses\" \/>\n<meta property=\"og:description\" content=\"Tiny Houses are small and luxurious houses on wheels, made for relaxation. At Pinehaus, we build them from certified wood. Would you like to own a house like this?\" \/>\n<meta property=\"og:url\" content=\"https:\/\/pinehaus.pl\/en\/houses\/tiny-house\" \/>\n<meta property=\"og:site_name\" content=\"Pinehaus - tiny house, small, luxury mobile wood houses\" \/>\n<meta property=\"article:modified_time\" content=\"2022-09-14T20:52:38+00:00\" \/>\n<meta name=\"twitter:card\" content=\"summary_large_image\" \/>\n<meta name=\"twitter:label1\" content=\"Est. reading time\" \/>\n\t<meta name=\"twitter:data1\" content=\"2 minutes\" \/>\n<script type=\"application\/ld+json\" class=\"yoast-schema-graph\">{\"@context\":\"https:\/\/schema.org\",\"@graph\":[{\"@type\":\"WebPage\",\"@id\":\"https:\/\/pinehaus.pl\/en\/houses\/tiny-house\",\"url\":\"https:\/\/pinehaus.pl\/en\/houses\/tiny-house\",\"name\":\"Tiny house - Pinehaus - tiny house, small, luxury mobile wood houses\",\"isPartOf\":{\"@id\":\"https:\/\/pinehaus.pl\/en\/#website\"},\"datePublished\":\"2022-08-06T08:36:56+00:00\",\"dateModified\":\"2022-09-14T20:52:38+00:00\",\"description\":\"Tiny Houses are small and luxurious houses on wheels, made for relaxation. At Pinehaus, we build them from certified wood. Would you like to own a house like this?\",\"breadcrumb\":{\"@id\":\"https:\/\/pinehaus.pl\/en\/houses\/tiny-house#breadcrumb\"},\"inLanguage\":\"en-US\",\"potentialAction\":[{\"@type\":\"ReadAction\",\"target\":[\"https:\/\/pinehaus.pl\/en\/houses\/tiny-house\"]}]},{\"@type\":\"BreadcrumbList\",\"@id\":\"https:\/\/pinehaus.pl\/en\/houses\/tiny-house#breadcrumb\",\"itemListElement\":[{\"@type\":\"ListItem\",\"position\":1,\"name\":\"Home\",\"item\":\"https:\/\/pinehaus.pl\/en\"},{\"@type\":\"ListItem\",\"position\":2,\"name\":\"Houses\",\"item\":\"https:\/\/pinehaus.pl\/en\/houses\"},{\"@type\":\"ListItem\",\"position\":3,\"name\":\"Tiny house\"}]},{\"@type\":\"WebSite\",\"@id\":\"https:\/\/pinehaus.pl\/en\/#website\",\"url\":\"https:\/\/pinehaus.pl\/en\/\",\"name\":\"Pinehaus - tiny house, small, luxury mobile wood houses\",\"description\":\"W Pinehaus projektujemy i budujemy mobilne domy typu tiny house i drewniane domy modu\u0142owe z najlepszych materia\u0142&oacute;w. Ma\u0142e, luksusowe domy z drewna.\",\"publisher\":{\"@id\":\"https:\/\/pinehaus.pl\/en\/#organization\"},\"potentialAction\":[{\"@type\":\"SearchAction\",\"target\":{\"@type\":\"EntryPoint\",\"urlTemplate\":\"https:\/\/pinehaus.pl\/en\/?s={search_term_string}\"},\"query-input\":\"required name=search_term_string\"}],\"inLanguage\":\"en-US\"},{\"@type\":\"Organization\",\"@id\":\"https:\/\/pinehaus.pl\/en\/#organization\",\"name\":\"Pinehaus - tiny house, small, luxury mobile wood houses\",\"url\":\"https:\/\/pinehaus.pl\/en\/\",\"logo\":{\"@type\":\"ImageObject\",\"inLanguage\":\"en-US\",\"@id\":\"https:\/\/pinehaus.pl\/en\/#\/schema\/logo\/image\/\",\"url\":\"https:\/\/pinehaus.pl\/wp-content\/uploads\/2022\/07\/Pinehaus@2x.png\",\"contentUrl\":\"https:\/\/pinehaus.pl\/wp-content\/uploads\/2022\/07\/Pinehaus@2x.png\",\"width\":450,\"height\":242,\"caption\":\"Pinehaus - tiny house, small, luxury mobile wood houses\"},\"image\":{\"@id\":\"https:\/\/pinehaus.pl\/en\/#\/schema\/logo\/image\/\"}}]}<\/script>\n<!-- \/ Yoast SEO plugin. -->","yoast_head_json":{"title":"Tiny house - Pinehaus - tiny house, small, luxury mobile wood houses","description":"Tiny Houses are small and luxurious houses on wheels, made for relaxation. At Pinehaus, we build them from certified wood. Would you like to own a house like this?","robots":{"index":"index","follow":"follow","max-snippet":"max-snippet:-1","max-image-preview":"max-image-preview:large","max-video-preview":"max-video-preview:-1"},"canonical":"https:\/\/pinehaus.pl\/en\/houses\/tiny-house","og_locale":"en_US","og_type":"article","og_title":"Tiny house - Pinehaus - tiny house, small, luxury mobile wood houses","og_description":"Tiny Houses are small and luxurious houses on wheels, made for relaxation. At Pinehaus, we build them from certified wood. Would you like to own a house like this?","og_url":"https:\/\/pinehaus.pl\/en\/houses\/tiny-house","og_site_name":"Pinehaus - tiny house, small, luxury mobile wood houses","article_modified_time":"2022-09-14T20:52:38+00:00","twitter_card":"summary_large_image","twitter_misc":{"Est. reading time":"2 minutes"},"schema":{"@context":"https:\/\/schema.org","@graph":[{"@type":"WebPage","@id":"https:\/\/pinehaus.pl\/en\/houses\/tiny-house","url":"https:\/\/pinehaus.pl\/en\/houses\/tiny-house","name":"Tiny house - Pinehaus - tiny house, small, luxury mobile wood houses","isPartOf":{"@id":"https:\/\/pinehaus.pl\/en\/#website"},"datePublished":"2022-08-06T08:36:56+00:00","dateModified":"2022-09-14T20:52:38+00:00","description":"Tiny Houses are small and luxurious houses on wheels, made for relaxation. At Pinehaus, we build them from certified wood. Would you like to own a house like this?","breadcrumb":{"@id":"https:\/\/pinehaus.pl\/en\/houses\/tiny-house#breadcrumb"},"inLanguage":"en-US","potentialAction":[{"@type":"ReadAction","target":["https:\/\/pinehaus.pl\/en\/houses\/tiny-house"]}]},{"@type":"BreadcrumbList","@id":"https:\/\/pinehaus.pl\/en\/houses\/tiny-house#breadcrumb","itemListElement":[{"@type":"ListItem","position":1,"name":"Home","item":"https:\/\/pinehaus.pl\/en"},{"@type":"ListItem","position":2,"name":"Houses","item":"https:\/\/pinehaus.pl\/en\/houses"},{"@type":"ListItem","position":3,"name":"Tiny house"}]},{"@type":"WebSite","@id":"https:\/\/pinehaus.pl\/en\/#website","url":"https:\/\/pinehaus.pl\/en\/","name":"Pinehaus - tiny house, small, luxury mobile wood houses","description":"W Pinehaus projektujemy i budujemy mobilne domy typu tiny house i drewniane domy modu\u0142owe z najlepszych materia\u0142&oacute;w. Ma\u0142e, luksusowe domy z drewna.","publisher":{"@id":"https:\/\/pinehaus.pl\/en\/#organization"},"potentialAction":[{"@type":"SearchAction","target":{"@type":"EntryPoint","urlTemplate":"https:\/\/pinehaus.pl\/en\/?s={search_term_string}"},"query-input":"required name=search_term_string"}],"inLanguage":"en-US"},{"@type":"Organization","@id":"https:\/\/pinehaus.pl\/en\/#organization","name":"Pinehaus - tiny house, small, luxury mobile wood houses","url":"https:\/\/pinehaus.pl\/en\/","logo":{"@type":"ImageObject","inLanguage":"en-US","@id":"https:\/\/pinehaus.pl\/en\/#\/schema\/logo\/image\/","url":"https:\/\/pinehaus.pl\/wp-content\/uploads\/2022\/07\/Pinehaus@2x.png","contentUrl":"https:\/\/pinehaus.pl\/wp-content\/uploads\/2022\/07\/Pinehaus@2x.png","width":450,"height":242,"caption":"Pinehaus - tiny house, small, luxury mobile wood houses"},"image":{"@id":"https:\/\/pinehaus.pl\/en\/#\/schema\/logo\/image\/"}}]}},"_links":{"self":[{"href":"https:\/\/pinehaus.pl\/en\/wp-json\/wp\/v2\/pages\/992"}],"collection":[{"href":"https:\/\/pinehaus.pl\/en\/wp-json\/wp\/v2\/pages"}],"about":[{"href":"https:\/\/pinehaus.pl\/en\/wp-json\/wp\/v2\/types\/page"}],"author":[{"embeddable":true,"href":"https:\/\/pinehaus.pl\/en\/wp-json\/wp\/v2\/users\/1"}],"replies":[{"embeddable":true,"href":"https:\/\/pinehaus.pl\/en\/wp-json\/wp\/v2\/comments?post=992"}],"version-history":[{"count":2,"href":"https:\/\/pinehaus.pl\/en\/wp-json\/wp\/v2\/pages\/992\/revisions"}],"predecessor-version":[{"id":1196,"href":"https:\/\/pinehaus.pl\/en\/wp-json\/wp\/v2\/pages\/992\/revisions\/1196"}],"up":[{"embeddable":true,"href":"https:\/\/pinehaus.pl\/en\/wp-json\/wp\/v2\/pages\/984"}],"wp:attachment":[{"href":"https:\/\/pinehaus.pl\/en\/wp-json\/wp\/v2\/media?parent=992"}],"curies":[{"name":"wp","href":"https:\/\/api.w.org\/{rel}","templated":true}]}}