{"id":994,"date":"2022-08-06T08:52:24","date_gmt":"2022-08-06T08:52:24","guid":{"rendered":"https:\/\/pinehaus.pl\/houses\/modular\/"},"modified":"2022-09-14T20:52:39","modified_gmt":"2022-09-14T20:52:39","slug":"modular","status":"publish","type":"page","link":"https:\/\/pinehaus.pl\/en\/houses\/modular","title":{"rendered":"Modular"},"content":{"rendered":"\t\t<div data-elementor-type=\"wp-page\" data-elementor-id=\"994\" class=\"elementor elementor-994 elementor-477\">\n\t\t\t\t\t\t\t\t\t<section class=\"elementor-section elementor-top-section elementor-element elementor-element-2aed1f9 elementor-section-boxed elementor-section-height-default elementor-section-height-default\" data-id=\"2aed1f9\" data-element_type=\"section\">\n\t\t\t\t\t\t<div class=\"elementor-container elementor-column-gap-default\">\n\t\t\t\t\t<div class=\"elementor-column elementor-col-100 elementor-top-column elementor-element elementor-element-289d296\" data-id=\"289d296\" data-element_type=\"column\">\n\t\t\t<div class=\"elementor-widget-wrap elementor-element-populated\">\n\t\t\t\t\t\t\t\t<div class=\"elementor-element elementor-element-594c6ab elementor-widget elementor-widget-heading\" data-id=\"594c6ab\" data-element_type=\"widget\" data-widget_type=\"heading.default\">\n\t\t\t\t<div class=\"elementor-widget-container\">\n\t\t\t<style>\/*! elementor - v3.9.0 - 06-12-2022 *\/\n.elementor-heading-title{padding:0;margin:0;line-height:1}.elementor-widget-heading .elementor-heading-title[class*=elementor-size-]>a{color:inherit;font-size:inherit;line-height:inherit}.elementor-widget-heading .elementor-heading-title.elementor-size-small{font-size:15px}.elementor-widget-heading .elementor-heading-title.elementor-size-medium{font-size:19px}.elementor-widget-heading .elementor-heading-title.elementor-size-large{font-size:29px}.elementor-widget-heading .elementor-heading-title.elementor-size-xl{font-size:39px}.elementor-widget-heading .elementor-heading-title.elementor-size-xxl{font-size:59px}<\/style><h2 class=\"elementor-heading-title elementor-size-default\">Modular houses, i.e. houses made of blocks<\/h2>\t\t<\/div>\n\t\t\t\t<\/div>\n\t\t\t\t<div class=\"elementor-element elementor-element-0a9b63f elementor-widget elementor-widget-text-editor\" data-id=\"0a9b63f\" data-element_type=\"widget\" data-widget_type=\"text-editor.default\">\n\t\t\t\t<div class=\"elementor-widget-container\">\n\t\t\t<style>\/*! elementor - v3.9.0 - 06-12-2022 *\/\n.elementor-widget-text-editor.elementor-drop-cap-view-stacked .elementor-drop-cap{background-color:#818a91;color:#fff}.elementor-widget-text-editor.elementor-drop-cap-view-framed .elementor-drop-cap{color:#818a91;border:3px solid;background-color:transparent}.elementor-widget-text-editor:not(.elementor-drop-cap-view-default) .elementor-drop-cap{margin-top:8px}.elementor-widget-text-editor:not(.elementor-drop-cap-view-default) .elementor-drop-cap-letter{width:1em;height:1em}.elementor-widget-text-editor .elementor-drop-cap{float:left;text-align:center;line-height:1;font-size:50px}.elementor-widget-text-editor .elementor-drop-cap-letter{display:inline-block}<\/style>\t\t\t\t<p>Modular construction is nothing new. For many years, houses have been made with the use of prefabricated elements, meaning elements that have been previously prepared.<\/p>\n<p>These houses are manufactured in a factory. The finished modules are delivered to a given plot and assembled on site. Such a system significantly shortens the time of building a house and allows one to enjoy its space. How to take advantage of it? Is it possible to live in a modular house?<\/p>\n\t\t\t\t\t\t<\/div>\n\t\t\t\t<\/div>\n\t\t\t\t\t<\/div>\n\t\t<\/div>\n\t\t\t\t\t\t\t<\/div>\n\t\t<\/section>\n\t\t\t\t<section class=\"elementor-section elementor-top-section elementor-element elementor-element-73363c9 elementor-section-boxed elementor-section-height-default elementor-section-height-default\" data-id=\"73363c9\" data-element_type=\"section\" data-settings=\"{&quot;background_background&quot;:&quot;classic&quot;}\">\n\t\t\t\t\t\t<div class=\"elementor-container elementor-column-gap-default\">\n\t\t\t\t\t<div class=\"elementor-column elementor-col-100 elementor-top-column elementor-element elementor-element-9877ee5\" data-id=\"9877ee5\" data-element_type=\"column\">\n\t\t\t<div class=\"elementor-widget-wrap elementor-element-populated\">\n\t\t\t\t\t\t\t\t<div class=\"elementor-element elementor-element-ecc2d00 elementor-widget elementor-widget-heading\" data-id=\"ecc2d00\" data-element_type=\"widget\" data-widget_type=\"heading.default\">\n\t\t\t\t<div class=\"elementor-widget-container\">\n\t\t\t<h2 class=\"elementor-heading-title elementor-size-default\">What is a modular house?<\/h2>\t\t<\/div>\n\t\t\t\t<\/div>\n\t\t\t\t\t<\/div>\n\t\t<\/div>\n\t\t\t\t\t\t\t<\/div>\n\t\t<\/section>\n\t\t\t\t<section class=\"elementor-section elementor-top-section elementor-element elementor-element-f1cccd8 elementor-section-boxed elementor-section-height-default elementor-section-height-default\" data-id=\"f1cccd8\" data-element_type=\"section\" data-settings=\"{&quot;background_background&quot;:&quot;classic&quot;}\">\n\t\t\t\t\t\t<div class=\"elementor-container elementor-column-gap-default\">\n\t\t\t\t\t<div class=\"elementor-column elementor-col-100 elementor-top-column elementor-element elementor-element-eb9d884\" data-id=\"eb9d884\" data-element_type=\"column\">\n\t\t\t<div class=\"elementor-widget-wrap elementor-element-populated\">\n\t\t\t\t\t\t\t\t<div class=\"elementor-element elementor-element-84ccafe elementor-widget elementor-widget-text-editor\" data-id=\"84ccafe\" data-element_type=\"widget\" data-widget_type=\"text-editor.default\">\n\t\t\t\t<div class=\"elementor-widget-container\">\n\t\t\t\t\t\t\t<p>Modular houses are becoming increasingly popular for several reasons. First of all, their construction resembles traditional houses. In addition, they often have a modern and unique design. Above all, however, they are highly functional. They are most often used as recreational houses built by tourism companies in attractive locations. In the small space of a modular house, it is possible to design a fully functional and self-contained interior that will meet the needs of even the most demanding users.<\/p>\n\t\t\t\t\t\t<\/div>\n\t\t\t\t<\/div>\n\t\t\t\t\t<\/div>\n\t\t<\/div>\n\t\t\t\t\t\t\t<\/div>\n\t\t<\/section>\n\t\t\t\t<section class=\"elementor-section elementor-top-section elementor-element elementor-element-316b309 elementor-section-boxed elementor-section-height-default elementor-section-height-default\" data-id=\"316b309\" data-element_type=\"section\">\n\t\t\t\t\t\t<div class=\"elementor-container elementor-column-gap-default\">\n\t\t\t\t\t<div class=\"elementor-column elementor-col-100 elementor-top-column elementor-element elementor-element-4c37405\" data-id=\"4c37405\" data-element_type=\"column\">\n\t\t\t<div class=\"elementor-widget-wrap elementor-element-populated\">\n\t\t\t\t\t\t\t\t<div class=\"elementor-element elementor-element-3a45c88 elementor-widget elementor-widget-heading\" data-id=\"3a45c88\" data-element_type=\"widget\" data-widget_type=\"heading.default\">\n\t\t\t\t<div class=\"elementor-widget-container\">\n\t\t\t<h2 class=\"elementor-heading-title elementor-size-default\">How are modular houses built?<\/h2>\t\t<\/div>\n\t\t\t\t<\/div>\n\t\t\t\t\t<\/div>\n\t\t<\/div>\n\t\t\t\t\t\t\t<\/div>\n\t\t<\/section>\n\t\t\t\t<section class=\"elementor-section elementor-top-section elementor-element elementor-element-674e509 elementor-section-boxed elementor-section-height-default elementor-section-height-default\" data-id=\"674e509\" data-element_type=\"section\">\n\t\t\t\t\t\t<div class=\"elementor-container elementor-column-gap-default\">\n\t\t\t\t\t<div class=\"elementor-column elementor-col-100 elementor-top-column elementor-element elementor-element-2a93fcd\" data-id=\"2a93fcd\" data-element_type=\"column\">\n\t\t\t<div class=\"elementor-widget-wrap elementor-element-populated\">\n\t\t\t\t\t\t\t\t<div class=\"elementor-element elementor-element-b9b417e elementor-widget elementor-widget-text-editor\" data-id=\"b9b417e\" data-element_type=\"widget\" data-widget_type=\"text-editor.default\">\n\t\t\t\t<div class=\"elementor-widget-container\">\n\t\t\t\t\t\t\t<p>The most popular modular houses are made of wood, just like the ones we build at Pinehaus. Their standard size is 35 m2. However, nothing prevents us from offering you more space. Like traditional houses, such houses are equipped with all necessary installations, doors and windows. In addition, their roof can be made of traditional sheet metal or asphalt shingles. On the other hand, the different types of wood and available finishes make each Pinehaus house look unique.<\/p>\n<p>\u00a0Modular houses are built of prefabricated elements. This means that all structural elements are created in our factory. We use the best materials from certified sources to offer you the highest quality. We deliver the ready-made modules to a given plot and assemble them on site. Even though it usually takes several weeks to prepare them, the sole assembly takes a few days at most. As a result, you receive a home you can move into shortly after your order.<\/p>\n\t\t\t\t\t\t<\/div>\n\t\t\t\t<\/div>\n\t\t\t\t\t<\/div>\n\t\t<\/div>\n\t\t\t\t\t\t\t<\/div>\n\t\t<\/section>\n\t\t\t\t<section class=\"elementor-section elementor-top-section elementor-element elementor-element-8346d82 elementor-section-boxed elementor-section-height-default elementor-section-height-default\" data-id=\"8346d82\" data-element_type=\"section\">\n\t\t\t\t\t\t<div class=\"elementor-container elementor-column-gap-default\">\n\t\t\t\t\t<div class=\"elementor-column elementor-col-100 elementor-top-column elementor-element elementor-element-62ed1d7\" data-id=\"62ed1d7\" data-element_type=\"column\">\n\t\t\t<div class=\"elementor-widget-wrap elementor-element-populated\">\n\t\t\t\t\t\t\t\t<div class=\"elementor-element elementor-element-960f58e elementor-widget elementor-widget-heading\" data-id=\"960f58e\" data-element_type=\"widget\" data-widget_type=\"heading.default\">\n\t\t\t\t<div class=\"elementor-widget-container\">\n\t\t\t<h2 class=\"elementor-heading-title elementor-size-default\">How to use a modular house?<\/h2>\t\t<\/div>\n\t\t\t\t<\/div>\n\t\t\t\t\t<\/div>\n\t\t<\/div>\n\t\t\t\t\t\t\t<\/div>\n\t\t<\/section>\n\t\t\t\t<section class=\"elementor-section elementor-top-section elementor-element elementor-element-f4a9289 elementor-section-boxed elementor-section-height-default elementor-section-height-default\" data-id=\"f4a9289\" data-element_type=\"section\">\n\t\t\t\t\t\t<div class=\"elementor-container elementor-column-gap-default\">\n\t\t\t\t\t<div class=\"elementor-column elementor-col-100 elementor-top-column elementor-element elementor-element-7c7ecfe\" data-id=\"7c7ecfe\" data-element_type=\"column\">\n\t\t\t<div class=\"elementor-widget-wrap elementor-element-populated\">\n\t\t\t\t\t\t\t\t<div class=\"elementor-element elementor-element-9759aa3 elementor-widget elementor-widget-text-editor\" data-id=\"9759aa3\" data-element_type=\"widget\" data-widget_type=\"text-editor.default\">\n\t\t\t\t<div class=\"elementor-widget-container\">\n\t\t\t\t\t\t\t<p>An area of 35 m2 is enough to create an interior that works for relaxation. In a prefabricated modular house of this size, you can easily separate a kitchen, living room, bedroom and bathroom. There is also an option with a mezzanine floor, which offers an additional private area. The various solutions that can be used in such a building mean that you get a space where you can rest and recuperate comfortably. Such a house is a great place for a weekend getaway, a holiday or even a longer stay.\u00a0<\/p>\n<p>By using the right materials, insulation, as well as heating and sanitary systems, you can use the modular house all year round. This makes it the ideal place for an office. Although there is already a large group of people in Poland for whom year-round modular homes are replacing traditional houses or flats. No wonder &#8211; they are a convenient alternative to flats in crowded city centres. All you need is a small plot of land on the outskirts to enjoy your own house.<\/p>\n\t\t\t\t\t\t<\/div>\n\t\t\t\t<\/div>\n\t\t\t\t\t<\/div>\n\t\t<\/div>\n\t\t\t\t\t\t\t<\/div>\n\t\t<\/section>\n\t\t\t\t\t\t\t<\/div>\n\t\t","protected":false},"excerpt":{"rendered":"<p>Modular houses, i.e. houses made of blocks Modular construction is nothing new. For many years, houses have been made with the use of prefabricated elements, meaning elements that have been previously prepared. These houses are manufactured in a factory. The finished modules are delivered to a given plot and assembled on site. Such a system [&hellip;]<\/p>\n","protected":false},"author":1,"featured_media":0,"parent":984,"menu_order":0,"comment_status":"closed","ping_status":"closed","template":"","meta":{"content-type":""},"yoast_head":"<!-- This site is optimized with the Yoast SEO plugin v19.11 - https:\/\/yoast.com\/wordpress\/plugins\/seo\/ -->\n<title>Modular - Pinehaus - tiny house, small, luxury mobile wood houses<\/title>\n<meta name=\"description\" content=\"Pinehaus modular homes are built using high-quality certified timber. They provide luxurious spaces created for the most demanding clients.\" \/>\n<meta name=\"robots\" content=\"index, follow, max-snippet:-1, max-image-preview:large, max-video-preview:-1\" \/>\n<link rel=\"canonical\" href=\"https:\/\/pinehaus.pl\/en\/houses\/modular\" \/>\n<meta property=\"og:locale\" content=\"en_US\" \/>\n<meta property=\"og:type\" content=\"article\" \/>\n<meta property=\"og:title\" content=\"Modular - Pinehaus - tiny house, small, luxury mobile wood houses\" \/>\n<meta property=\"og:description\" content=\"Pinehaus modular homes are built using high-quality certified timber. They provide luxurious spaces created for the most demanding clients.\" \/>\n<meta property=\"og:url\" content=\"https:\/\/pinehaus.pl\/en\/houses\/modular\" \/>\n<meta property=\"og:site_name\" content=\"Pinehaus - tiny house, small, luxury mobile wood houses\" \/>\n<meta property=\"article:modified_time\" content=\"2022-09-14T20:52:39+00:00\" \/>\n<meta name=\"twitter:card\" content=\"summary_large_image\" \/>\n<meta name=\"twitter:label1\" content=\"Est. reading time\" \/>\n\t<meta name=\"twitter:data1\" content=\"3 minutes\" \/>\n<script type=\"application\/ld+json\" class=\"yoast-schema-graph\">{\"@context\":\"https:\/\/schema.org\",\"@graph\":[{\"@type\":\"WebPage\",\"@id\":\"https:\/\/pinehaus.pl\/en\/houses\/modular\",\"url\":\"https:\/\/pinehaus.pl\/en\/houses\/modular\",\"name\":\"Modular - Pinehaus - tiny house, small, luxury mobile wood houses\",\"isPartOf\":{\"@id\":\"https:\/\/pinehaus.pl\/en\/#website\"},\"datePublished\":\"2022-08-06T08:52:24+00:00\",\"dateModified\":\"2022-09-14T20:52:39+00:00\",\"description\":\"Pinehaus modular homes are built using high-quality certified timber. They provide luxurious spaces created for the most demanding clients.\",\"breadcrumb\":{\"@id\":\"https:\/\/pinehaus.pl\/en\/houses\/modular#breadcrumb\"},\"inLanguage\":\"en-US\",\"potentialAction\":[{\"@type\":\"ReadAction\",\"target\":[\"https:\/\/pinehaus.pl\/en\/houses\/modular\"]}]},{\"@type\":\"BreadcrumbList\",\"@id\":\"https:\/\/pinehaus.pl\/en\/houses\/modular#breadcrumb\",\"itemListElement\":[{\"@type\":\"ListItem\",\"position\":1,\"name\":\"Home\",\"item\":\"https:\/\/pinehaus.pl\/en\"},{\"@type\":\"ListItem\",\"position\":2,\"name\":\"Houses\",\"item\":\"https:\/\/pinehaus.pl\/en\/houses\"},{\"@type\":\"ListItem\",\"position\":3,\"name\":\"Modular\"}]},{\"@type\":\"WebSite\",\"@id\":\"https:\/\/pinehaus.pl\/en\/#website\",\"url\":\"https:\/\/pinehaus.pl\/en\/\",\"name\":\"Pinehaus - tiny house, small, luxury mobile wood houses\",\"description\":\"W Pinehaus projektujemy i budujemy mobilne domy typu tiny house i drewniane domy modu\u0142owe z najlepszych materia\u0142&oacute;w. Ma\u0142e, luksusowe domy z drewna.\",\"publisher\":{\"@id\":\"https:\/\/pinehaus.pl\/en\/#organization\"},\"potentialAction\":[{\"@type\":\"SearchAction\",\"target\":{\"@type\":\"EntryPoint\",\"urlTemplate\":\"https:\/\/pinehaus.pl\/en\/?s={search_term_string}\"},\"query-input\":\"required name=search_term_string\"}],\"inLanguage\":\"en-US\"},{\"@type\":\"Organization\",\"@id\":\"https:\/\/pinehaus.pl\/en\/#organization\",\"name\":\"Pinehaus - tiny house, small, luxury mobile wood houses\",\"url\":\"https:\/\/pinehaus.pl\/en\/\",\"logo\":{\"@type\":\"ImageObject\",\"inLanguage\":\"en-US\",\"@id\":\"https:\/\/pinehaus.pl\/en\/#\/schema\/logo\/image\/\",\"url\":\"https:\/\/pinehaus.pl\/wp-content\/uploads\/2022\/07\/Pinehaus@2x.png\",\"contentUrl\":\"https:\/\/pinehaus.pl\/wp-content\/uploads\/2022\/07\/Pinehaus@2x.png\",\"width\":450,\"height\":242,\"caption\":\"Pinehaus - tiny house, small, luxury mobile wood houses\"},\"image\":{\"@id\":\"https:\/\/pinehaus.pl\/en\/#\/schema\/logo\/image\/\"}}]}<\/script>\n<!-- \/ Yoast SEO plugin. -->","yoast_head_json":{"title":"Modular - Pinehaus - tiny house, small, luxury mobile wood houses","description":"Pinehaus modular homes are built using high-quality certified timber. They provide luxurious spaces created for the most demanding clients.","robots":{"index":"index","follow":"follow","max-snippet":"max-snippet:-1","max-image-preview":"max-image-preview:large","max-video-preview":"max-video-preview:-1"},"canonical":"https:\/\/pinehaus.pl\/en\/houses\/modular","og_locale":"en_US","og_type":"article","og_title":"Modular - Pinehaus - tiny house, small, luxury mobile wood houses","og_description":"Pinehaus modular homes are built using high-quality certified timber. They provide luxurious spaces created for the most demanding clients.","og_url":"https:\/\/pinehaus.pl\/en\/houses\/modular","og_site_name":"Pinehaus - tiny house, small, luxury mobile wood houses","article_modified_time":"2022-09-14T20:52:39+00:00","twitter_card":"summary_large_image","twitter_misc":{"Est. reading time":"3 minutes"},"schema":{"@context":"https:\/\/schema.org","@graph":[{"@type":"WebPage","@id":"https:\/\/pinehaus.pl\/en\/houses\/modular","url":"https:\/\/pinehaus.pl\/en\/houses\/modular","name":"Modular - Pinehaus - tiny house, small, luxury mobile wood houses","isPartOf":{"@id":"https:\/\/pinehaus.pl\/en\/#website"},"datePublished":"2022-08-06T08:52:24+00:00","dateModified":"2022-09-14T20:52:39+00:00","description":"Pinehaus modular homes are built using high-quality certified timber. They provide luxurious spaces created for the most demanding clients.","breadcrumb":{"@id":"https:\/\/pinehaus.pl\/en\/houses\/modular#breadcrumb"},"inLanguage":"en-US","potentialAction":[{"@type":"ReadAction","target":["https:\/\/pinehaus.pl\/en\/houses\/modular"]}]},{"@type":"BreadcrumbList","@id":"https:\/\/pinehaus.pl\/en\/houses\/modular#breadcrumb","itemListElement":[{"@type":"ListItem","position":1,"name":"Home","item":"https:\/\/pinehaus.pl\/en"},{"@type":"ListItem","position":2,"name":"Houses","item":"https:\/\/pinehaus.pl\/en\/houses"},{"@type":"ListItem","position":3,"name":"Modular"}]},{"@type":"WebSite","@id":"https:\/\/pinehaus.pl\/en\/#website","url":"https:\/\/pinehaus.pl\/en\/","name":"Pinehaus - tiny house, small, luxury mobile wood houses","description":"W Pinehaus projektujemy i budujemy mobilne domy typu tiny house i drewniane domy modu\u0142owe z najlepszych materia\u0142&oacute;w. Ma\u0142e, luksusowe domy z drewna.","publisher":{"@id":"https:\/\/pinehaus.pl\/en\/#organization"},"potentialAction":[{"@type":"SearchAction","target":{"@type":"EntryPoint","urlTemplate":"https:\/\/pinehaus.pl\/en\/?s={search_term_string}"},"query-input":"required name=search_term_string"}],"inLanguage":"en-US"},{"@type":"Organization","@id":"https:\/\/pinehaus.pl\/en\/#organization","name":"Pinehaus - tiny house, small, luxury mobile wood houses","url":"https:\/\/pinehaus.pl\/en\/","logo":{"@type":"ImageObject","inLanguage":"en-US","@id":"https:\/\/pinehaus.pl\/en\/#\/schema\/logo\/image\/","url":"https:\/\/pinehaus.pl\/wp-content\/uploads\/2022\/07\/Pinehaus@2x.png","contentUrl":"https:\/\/pinehaus.pl\/wp-content\/uploads\/2022\/07\/Pinehaus@2x.png","width":450,"height":242,"caption":"Pinehaus - tiny house, small, luxury mobile wood houses"},"image":{"@id":"https:\/\/pinehaus.pl\/en\/#\/schema\/logo\/image\/"}}]}},"_links":{"self":[{"href":"https:\/\/pinehaus.pl\/en\/wp-json\/wp\/v2\/pages\/994"}],"collection":[{"href":"https:\/\/pinehaus.pl\/en\/wp-json\/wp\/v2\/pages"}],"about":[{"href":"https:\/\/pinehaus.pl\/en\/wp-json\/wp\/v2\/types\/page"}],"author":[{"embeddable":true,"href":"https:\/\/pinehaus.pl\/en\/wp-json\/wp\/v2\/users\/1"}],"replies":[{"embeddable":true,"href":"https:\/\/pinehaus.pl\/en\/wp-json\/wp\/v2\/comments?post=994"}],"version-history":[{"count":3,"href":"https:\/\/pinehaus.pl\/en\/wp-json\/wp\/v2\/pages\/994\/revisions"}],"predecessor-version":[{"id":997,"href":"https:\/\/pinehaus.pl\/en\/wp-json\/wp\/v2\/pages\/994\/revisions\/997"}],"up":[{"embeddable":true,"href":"https:\/\/pinehaus.pl\/en\/wp-json\/wp\/v2\/pages\/984"}],"wp:attachment":[{"href":"https:\/\/pinehaus.pl\/en\/wp-json\/wp\/v2\/media?parent=994"}],"curies":[{"name":"wp","href":"https:\/\/api.w.org\/{rel}","templated":true}]}}